{"id":2430,"date":"2020-12-09T18:03:07","date_gmt":"2020-12-09T17:03:07","guid":{"rendered":"https:\/\/news.med-link.org\/gestion-des-interventions\/"},"modified":"2023-03-06T13:44:17","modified_gmt":"2023-03-06T12:44:17","slug":"gestione-degli-interventi","status":"publish","type":"page","link":"https:\/\/news.med-link.org\/it\/gestione-degli-interventi\/","title":{"rendered":"Gestione degli interventi"},"content":{"rendered":"<!--themify_builder_content-->\n<div id=\"themify_builder_content-2430\" data-postid=\"2430\" class=\"themify_builder_content themify_builder_content-2430 themify_builder tf_clear\">\n                    <div  data-lazy=\"1\" class=\"module_row themify_builder_row tb_oi1h133 tb_first tf_w\">\n                        <div class=\"row_inner col_align_top tb_col_count_2 tf_box tf_rel\">\n                        <div  data-lazy=\"1\" class=\"module_column tb-column col4-1 tb_r6og135 first\">\n                    <!-- module image -->\n<div  class=\"module module-image tb_q2mn888 image-top   tf_mw\" data-lazy=\"1\">\n        <div class=\"image-wrap tf_rel tf_mw\">\n            <img decoding=\"async\" width=\"2560\" height=\"1707\" src=\"https:\/\/news.med-link.org\/wp-content\/uploads\/2021\/11\/AdobeStock_171568550-scaled.jpeg\" class=\"wp-post-image wp-image-2042\" title=\"Project manager looking at AR screen, Gantt chart schedule, planning\" alt=\"Project manager looking at AR screen, Gantt chart schedule, planning\" srcset=\"https:\/\/news.med-link.org\/wp-content\/uploads\/2021\/11\/AdobeStock_171568550-scaled.jpeg 2560w, https:\/\/news.med-link.org\/wp-content\/uploads\/2021\/11\/AdobeStock_171568550-300x200.jpeg 300w, https:\/\/news.med-link.org\/wp-content\/uploads\/2021\/11\/AdobeStock_171568550-1024x683.jpeg 1024w, https:\/\/news.med-link.org\/wp-content\/uploads\/2021\/11\/AdobeStock_171568550-768x512.jpeg 768w, https:\/\/news.med-link.org\/wp-content\/uploads\/2021\/11\/AdobeStock_171568550-1536x1024.jpeg 1536w, https:\/\/news.med-link.org\/wp-content\/uploads\/2021\/11\/AdobeStock_171568550-2048x1365.jpeg 2048w\" sizes=\"(max-width: 2560px) 100vw, 2560px\" \/>    \n        <\/div>\n    <!-- \/image-wrap -->\n    \n        <\/div>\n<!-- \/module image -->        <\/div>\n                    <div  data-lazy=\"1\" class=\"module_column tb-column col4-3 tb_8c03564 last\">\n                            <div  data-lazy=\"1\" class=\"module_subrow themify_builder_sub_row tf_w col_align_top tb_col_count_3 tb_0lkh560\">\n                <div  data-lazy=\"1\" class=\"module_column sub_column col3-1 tb_an13561 first\">\n                    <!-- module text -->\n<div  class=\"module module-text tb_qp1y597   \" data-lazy=\"1\">\n        <div  class=\"tb_text_wrap\">\n        <p>La <strong>gestione degli interventi<\/strong> copre le seguenti funzionalit\u00e0:<\/p>\n<ul>\n<li><span lang=\"fr-CH\">Orari di lavoro<\/span><\/li>\n<li><span lang=\"fr-CH\">Creazione manuale delle visite<\/span><\/li>\n<li><span lang=\"fr-CH\">Pianificazione automatica<\/span><\/li>\n<li><span lang=\"fr-CH\">Gestione degli collloqui \/ pause<\/span><\/li>\n<\/ul>    <\/div>\n<\/div>\n<!-- \/module text -->        <\/div>\n                    <div  data-lazy=\"1\" class=\"module_column sub_column col3-1 tb_lesf561\">\n                    <!-- module text -->\n<div  class=\"module module-text tb_244u449   \" data-lazy=\"1\">\n        <div  class=\"tb_text_wrap\">\n        <p>\u00a0<\/p>\n<ul>\n<li><span lang=\"fr-CH\">Assegnazione delle risorce<\/span><\/li>\n<li><span lang=\"fr-CH\">Communicazione del piano utente<\/span><\/li>\n<li><span lang=\"fr-CH\">Gestione delle assenze<\/span><\/li>\n<li><span lang=\"it\">Piano di riferimento<\/span><\/li>\n<\/ul>    <\/div>\n<\/div>\n<!-- \/module text -->        <\/div>\n                    <div  data-lazy=\"1\" class=\"module_column sub_column col3-1 tb_461z562 last\">\n                            <\/div>\n                    <\/div>\n                <\/div>\n                        <\/div>\n        <\/div>\n                        <div  data-lazy=\"1\" class=\"module_row themify_builder_row tb_xyg0485 tf_w\">\n                        <div class=\"row_inner col_align_top tb_col_count_1 tf_box tf_rel\">\n                        <div  data-lazy=\"1\" class=\"module_column tb-column col-full tb_db3p487 first\">\n                    <!-- module text -->\n<div  class=\"module module-text tb_t477232   \" data-lazy=\"1\">\n        <div  class=\"tb_text_wrap\">\n        <p><strong>Tutti gli articoli riguardanti la gestione degli interventi:<\/strong><\/p>    <\/div>\n<\/div>\n<!-- \/module text --><!-- module post -->\n<div  class=\"module module-post tb_bg4z855 \">\n    <div  class=\"builder-posts-wrap loops-wrapper grid4 classic tf_clear tf_clearfix\" data-lazy=\"1\">\n    <article id=\"post-16206\" class=\"post tf_clearfix post-16206 type-post status-publish format-standard has-post-thumbnail hentry category-aggiornamenti-2026-03-25 category-gestione-degli-interventi has-post-title no-post-date has-post-category has-post-tag has-post-comment has-post-author \">\n\t    \n\t                <figure class=\"post-image tf_clearfix\">\n                                                            <a href=\"https:\/\/news.med-link.org\/it\/assistant-pour-la-planification-recurrente-apr-trois-couleurs-pour-decider-en-un-coup-doeil\/\">\n                                        <img decoding=\"async\" width=\"842\" height=\"842\" src=\"https:\/\/news.med-link.org\/wp-content\/uploads\/2026\/03\/T17654_001.jpg\" class=\"wp-post-image wp-image-15956\" title=\"T17654_001\" alt=\"T17654_001\" srcset=\"https:\/\/news.med-link.org\/wp-content\/uploads\/2026\/03\/T17654_001.jpg 842w, https:\/\/news.med-link.org\/wp-content\/uploads\/2026\/03\/T17654_001-300x300.jpg 300w, https:\/\/news.med-link.org\/wp-content\/uploads\/2026\/03\/T17654_001-150x150.jpg 150w, https:\/\/news.med-link.org\/wp-content\/uploads\/2026\/03\/T17654_001-768x768.jpg 768w\" sizes=\"(max-width: 842px) 100vw, 842px\" \/>                                                                    <\/a>\n                                                                <\/figure>\n                    \t<div class=\"post-content\">\n\t\t<div class=\"post-content-inner\">\n\n\t\t\t\n\t\t\t<h2 class=\"post-title entry-title\"><a href=\"https:\/\/news.med-link.org\/it\/assistant-pour-la-planification-recurrente-apr-trois-couleurs-pour-decider-en-un-coup-doeil\/\">Assistente per la pianificazione ricorrente (APR) : Tre colori per decidere in un colpo d&#8217;occhio<\/a><\/h2>\n\t\t\t\t\t\t\t<p class=\"post-meta entry-meta\">\n\t\t\t\t\t\t\t\t\t\t\t<span class=\"post-author\"><span class=\"author vcard\"><a class=\"url fn n\" href=\"https:\/\/news.med-link.org\/it\/author\/julia\/\" rel=\"author\">Julia Weingarten<\/a><\/span><\/span>\n\t\t\t\t\t\n\t\t\t\t\t<span class=\"post-category\"><a href=\"https:\/\/news.med-link.org\/it\/cat\/aggiornamenti-2026-03-25\/\" rel=\"tag\" class=\"term-aggiornamenti-2026-03-25\">Aggiornamenti - 2026-03-25<\/a><span class=\"separator\">, <\/span><a href=\"https:\/\/news.med-link.org\/it\/cat\/dominio\/gestione-degli-interventi\/\" rel=\"tag\" class=\"term-gestione-degli-interventi\">Gestione degli interventi<\/a><\/span>\n\t\t\t\t\t\t\t\t\t\t\t\t\t\t\t\t\n\t\t\t\t\t\t\t\t\t<\/p>\n\t\t\t\t<!-- \/post-meta -->\n\t\t\t\n\t\t\t\n\t\t\t        <div class=\"entry-content\">\n\n        \n            <p>Grazie a un codice colore intuitivo ispirato al semaforo, la lettura degli indicatori di carico e di disponibilit\u00e0 negli APR diventa immediata, rendendo la pianificazione ancora pi\u00f9 fluida, comoda e controllata.<\/p>\n\n                \n            \n        <\/div><!-- \/.entry-content -->\n        \n\t\t<\/div>\n\t\t<!-- \/.post-content-inner -->\n\t<\/div>\n\t<!-- \/.post-content -->\n\t\n<\/article>\n<!-- \/.post -->\n<article id=\"post-15884\" class=\"post tf_clearfix post-15884 type-post status-publish format-standard has-post-thumbnail hentry category-aggiornamenti-2026-03-11 category-gestione-degli-interventi has-post-title no-post-date has-post-category has-post-tag has-post-comment has-post-author \">\n\t    \n\t                <figure class=\"post-image tf_clearfix\">\n                                                            <a href=\"https:\/\/news.med-link.org\/it\/le-plan-du-jour-une-vue-simplifiee-des-rendez-vous-recurrents\/\">\n                                        <img decoding=\"async\" width=\"766\" height=\"766\" src=\"https:\/\/news.med-link.org\/wp-content\/uploads\/2026\/03\/Immagine1.jpg\" class=\"wp-post-image wp-image-15735\" title=\"Immagine1\" alt=\"Immagine1\" srcset=\"https:\/\/news.med-link.org\/wp-content\/uploads\/2026\/03\/Immagine1.jpg 766w, https:\/\/news.med-link.org\/wp-content\/uploads\/2026\/03\/Immagine1-300x300.jpg 300w, https:\/\/news.med-link.org\/wp-content\/uploads\/2026\/03\/Immagine1-150x150.jpg 150w, https:\/\/news.med-link.org\/wp-content\/uploads\/2026\/03\/Immagine1-47x48.jpg 47w\" sizes=\"(max-width: 766px) 100vw, 766px\" \/>                                                                    <\/a>\n                                                                <\/figure>\n                    \t<div class=\"post-content\">\n\t\t<div class=\"post-content-inner\">\n\n\t\t\t\n\t\t\t<h2 class=\"post-title entry-title\"><a href=\"https:\/\/news.med-link.org\/it\/le-plan-du-jour-une-vue-simplifiee-des-rendez-vous-recurrents\/\">Il Foglio di Consegna : una vista semplificata degli appuntamenti periodici<\/a><\/h2>\n\t\t\t\t\t\t\t<p class=\"post-meta entry-meta\">\n\t\t\t\t\t\t\t\t\t\t\t<span class=\"post-author\"><span class=\"author vcard\"><a class=\"url fn n\" href=\"https:\/\/news.med-link.org\/it\/author\/julia\/\" rel=\"author\">Julia Weingarten<\/a><\/span><\/span>\n\t\t\t\t\t\n\t\t\t\t\t<span class=\"post-category\"><a href=\"https:\/\/news.med-link.org\/it\/cat\/2026-03-11\/aggiornamenti-2026-03-11\/\" rel=\"tag\" class=\"term-aggiornamenti-2026-03-11\">Aggiornamenti - 2026-03-11<\/a><span class=\"separator\">, <\/span><a href=\"https:\/\/news.med-link.org\/it\/cat\/dominio\/gestione-degli-interventi\/\" rel=\"tag\" class=\"term-gestione-degli-interventi\">Gestione degli interventi<\/a><\/span>\n\t\t\t\t\t\t\t\t\t\t\t\t\t\t\t\t\n\t\t\t\t\t\t\t\t\t<\/p>\n\t\t\t\t<!-- \/post-meta -->\n\t\t\t\n\t\t\t\n\t\t\t        <div class=\"entry-content\">\n\n        \n            <p>Fogio di Consegna : una lettura semplificata degli appuntamenti periodici. La presentazione delle visite ricorrenti nei piani del giorno si evolver\u00e0: pi\u00f9 visiva e pi\u00f9 intuitiva, permetter\u00e0 di comprendere a colpo d&#8217;occhio l&#8217;organizzazione degli appuntamenti futuri e offrir\u00e0 una panoramica molto chiara del follow-up previsto.<\/p>\n\n                \n            \n        <\/div><!-- \/.entry-content -->\n        \n\t\t<\/div>\n\t\t<!-- \/.post-content-inner -->\n\t<\/div>\n\t<!-- \/.post-content -->\n\t\n<\/article>\n<!-- \/.post -->\n<article id=\"post-13688\" class=\"post tf_clearfix post-13688 type-post status-publish format-standard has-post-thumbnail hentry category-aggionarmenti-2025-09-10 category-gestione-degli-interventi has-post-title no-post-date has-post-category has-post-tag has-post-comment has-post-author \">\n\t    \n\t                <figure class=\"post-image tf_clearfix\">\n                                                            <a href=\"https:\/\/news.med-link.org\/it\/%e2%9a%a1-suspension-express-de-la-planification\/\">\n                                        <img decoding=\"async\" width=\"967\" height=\"643\" src=\"https:\/\/news.med-link.org\/wp-content\/uploads\/2025\/09\/T17287_001.jpeg\" class=\"wp-post-image wp-image-13586\" title=\"T17287_001\" alt=\"T17287_001\" srcset=\"https:\/\/news.med-link.org\/wp-content\/uploads\/2025\/09\/T17287_001.jpeg 967w, https:\/\/news.med-link.org\/wp-content\/uploads\/2025\/09\/T17287_001-300x199.jpeg 300w, https:\/\/news.med-link.org\/wp-content\/uploads\/2025\/09\/T17287_001-768x511.jpeg 768w\" sizes=\"(max-width: 967px) 100vw, 967px\" \/>                                                                    <\/a>\n                                                                <\/figure>\n                    \t<div class=\"post-content\">\n\t\t<div class=\"post-content-inner\">\n\n\t\t\t\n\t\t\t<h2 class=\"post-title entry-title\"><a href=\"https:\/\/news.med-link.org\/it\/%e2%9a%a1-suspension-express-de-la-planification\/\">\u26a1 Sospensione express della pianificazione<\/a><\/h2>\n\t\t\t\t\t\t\t<p class=\"post-meta entry-meta\">\n\t\t\t\t\t\t\t\t\t\t\t<span class=\"post-author\"><span class=\"author vcard\"><a class=\"url fn n\" href=\"https:\/\/news.med-link.org\/it\/author\/estelle\/\" rel=\"author\">Estelle Zufferey<\/a><\/span><\/span>\n\t\t\t\t\t\n\t\t\t\t\t<span class=\"post-category\"><a href=\"https:\/\/news.med-link.org\/it\/cat\/2025-09-10-it\/aggionarmenti-2025-09-10\/\" rel=\"tag\" class=\"term-aggionarmenti-2025-09-10\">Aggionarmenti - 2025-09-10<\/a><span class=\"separator\">, <\/span><a href=\"https:\/\/news.med-link.org\/it\/cat\/dominio\/gestione-degli-interventi\/\" rel=\"tag\" class=\"term-gestione-degli-interventi\">Gestione degli interventi<\/a><\/span>\n\t\t\t\t\t\t\t\t\t\t\t\t\t\t\t\t\n\t\t\t\t\t\t\t\t\t<\/p>\n\t\t\t\t<!-- \/post-meta -->\n\t\t\t\n\t\t\t\n\t\t\t        <div class=\"entry-content\">\n\n        \n            <p>In caso di necessit\u00e0, interrompete la pianificazione di un cliente con un solo gesto, senza dover chiudere manualmente ogni singola prestazione.<\/p>\n\n                \n            \n        <\/div><!-- \/.entry-content -->\n        \n\t\t<\/div>\n\t\t<!-- \/.post-content-inner -->\n\t<\/div>\n\t<!-- \/.post-content -->\n\t\n<\/article>\n<!-- \/.post -->\n<article id=\"post-13191\" class=\"post tf_clearfix post-13191 type-post status-publish format-standard has-post-thumbnail hentry category-aggiornamenti-2025-07-16 category-dossier-client-it category-gestione-degli-interventi category-gestione-delle-prestazioni-e-fatturazione category-presa-in-carico has-post-title no-post-date has-post-category has-post-tag has-post-comment has-post-author \">\n\t    \n\t                <figure class=\"post-image tf_clearfix\">\n                                                            <a href=\"https:\/\/news.med-link.org\/it\/priorisez-mieux-vos-taches-grace-aux-tableaux-de-bord\/\">\n                                        <img decoding=\"async\" width=\"1536\" height=\"1024\" src=\"https:\/\/news.med-link.org\/wp-content\/uploads\/2025\/07\/T17155_001.jpg\" class=\"wp-post-image wp-image-13121\" title=\"T17155_001\" alt=\"T17155_001\" srcset=\"https:\/\/news.med-link.org\/wp-content\/uploads\/2025\/07\/T17155_001.jpg 1536w, https:\/\/news.med-link.org\/wp-content\/uploads\/2025\/07\/T17155_001-300x200.jpg 300w, https:\/\/news.med-link.org\/wp-content\/uploads\/2025\/07\/T17155_001-1024x683.jpg 1024w, https:\/\/news.med-link.org\/wp-content\/uploads\/2025\/07\/T17155_001-768x512.jpg 768w\" sizes=\"(max-width: 1536px) 100vw, 1536px\" \/>                                                                    <\/a>\n                                                                <\/figure>\n                    \t<div class=\"post-content\">\n\t\t<div class=\"post-content-inner\">\n\n\t\t\t\n\t\t\t<h2 class=\"post-title entry-title\"><a href=\"https:\/\/news.med-link.org\/it\/priorisez-mieux-vos-taches-grace-aux-tableaux-de-bord\/\">Dai priorit\u00e0 alle tue attivit\u00e0 grazie ai dashboard<\/a><\/h2>\n\t\t\t\t\t\t\t<p class=\"post-meta entry-meta\">\n\t\t\t\t\t\t\t\t\t\t\t<span class=\"post-author\"><span class=\"author vcard\"><a class=\"url fn n\" href=\"https:\/\/news.med-link.org\/it\/author\/estelle\/\" rel=\"author\">Estelle Zufferey<\/a><\/span><\/span>\n\t\t\t\t\t\n\t\t\t\t\t<span class=\"post-category\"><a href=\"https:\/\/news.med-link.org\/it\/cat\/2025-07-16-it\/aggiornamenti-2025-07-16\/\" rel=\"tag\" class=\"term-aggiornamenti-2025-07-16\">Aggiornamenti - 2025-07-16<\/a><span class=\"separator\">, <\/span><a href=\"https:\/\/news.med-link.org\/it\/cat\/dominio\/dossier-client-it\/\" rel=\"tag\" class=\"term-dossier-client-it\">Dossier Client<\/a><span class=\"separator\">, <\/span><a href=\"https:\/\/news.med-link.org\/it\/cat\/dominio\/gestione-degli-interventi\/\" rel=\"tag\" class=\"term-gestione-degli-interventi\">Gestione degli interventi<\/a><span class=\"separator\">, <\/span><a href=\"https:\/\/news.med-link.org\/it\/cat\/dominio\/gestione-delle-prestazioni-e-fatturazione\/\" rel=\"tag\" class=\"term-gestione-delle-prestazioni-e-fatturazione\">Gestione delle prestazioni e fatturazione<\/a><span class=\"separator\">, <\/span><a href=\"https:\/\/news.med-link.org\/it\/cat\/dominio\/presa-in-carico\/\" rel=\"tag\" class=\"term-presa-in-carico\">Presa in carico<\/a><\/span>\n\t\t\t\t\t\t\t\t\t\t\t\t\t\t\t\t\n\t\t\t\t\t\t\t\t\t<\/p>\n\t\t\t\t<!-- \/post-meta -->\n\t\t\t\n\t\t\t\n\t\t\t        <div class=\"entry-content\">\n\n        \n            <p>MedLink presto offrir\u00e0 rappresentazioni visive delle liste di controllo per aiutarti a leggere rapidamente le informazioni, stabilire le priorit\u00e0 e individuare subito i ritardi.<\/p>\n\n                \n            \n        <\/div><!-- \/.entry-content -->\n        \n\t\t<\/div>\n\t\t<!-- \/.post-content-inner -->\n\t<\/div>\n\t<!-- \/.post-content -->\n\t\n<\/article>\n<!-- \/.post -->\n    <\/div><!-- .builder-posts-wrap -->\n            <\/div>\n<!-- \/module post -->\n            <\/div>\n                        <\/div>\n        <\/div>\n        <\/div>\n<!--\/themify_builder_content-->","protected":false},"excerpt":{"rendered":"<p>La gestione degli interventi copre le seguenti funzionalit\u00e0: Orari di lavoro Creazione manuale delle visite Pianificazione automatica Gestione degli collloqui \/ pause \u00a0 Assegnazione delle risorce Communicazione del piano utente Gestione delle assenze Piano di riferimento Tutti gli articoli riguardanti la gestione degli interventi:<\/p>\n","protected":false},"author":3,"featured_media":0,"parent":0,"menu_order":0,"comment_status":"closed","ping_status":"closed","template":"","meta":{"advanced_seo_description":"","jetpack_seo_html_title":"","jetpack_seo_noindex":false,"footnotes":""},"class_list":["post-2430","page","type-page","status-publish","hentry","has-post-title","has-post-date","has-post-category","has-post-tag","has-post-comment","has-post-author",""],"jetpack_sharing_enabled":true,"builder_content":"<img src=\"https:\/\/news.med-link.org\/wp-content\/uploads\/2021\/11\/AdobeStock_171568550-scaled.jpeg\" title=\"Project manager looking at AR screen, Gantt chart schedule, planning\" alt=\"Project manager looking at AR screen, Gantt chart schedule, planning\" srcset=\"https:\/\/news.med-link.org\/wp-content\/uploads\/2021\/11\/AdobeStock_171568550-scaled.jpeg 2560w, https:\/\/news.med-link.org\/wp-content\/uploads\/2021\/11\/AdobeStock_171568550-300x200.jpeg 300w, https:\/\/news.med-link.org\/wp-content\/uploads\/2021\/11\/AdobeStock_171568550-1024x683.jpeg 1024w, https:\/\/news.med-link.org\/wp-content\/uploads\/2021\/11\/AdobeStock_171568550-768x512.jpeg 768w, https:\/\/news.med-link.org\/wp-content\/uploads\/2021\/11\/AdobeStock_171568550-1536x1024.jpeg 1536w, https:\/\/news.med-link.org\/wp-content\/uploads\/2021\/11\/AdobeStock_171568550-2048x1365.jpeg 2048w\" sizes=\"(max-width: 2560px) 100vw, 2560px\" \/>\n<p>La <strong>gestione degli interventi<\/strong> copre le seguenti funzionalit\u00e0:<\/p> <ul> <li>Orari di lavoro<\/li> <li>Creazione manuale delle visite<\/li> <li>Pianificazione automatica<\/li> <li>Gestione degli collloqui \/ pause<\/li> <\/ul>\n<p>\u00a0<\/p> <ul> <li>Assegnazione delle risorce<\/li> <li>Communicazione del piano utente<\/li> <li>Gestione delle assenze<\/li> <li>Piano di riferimento<\/li> <\/ul>\n<p><strong>Tutti gli articoli riguardanti la gestione degli interventi:<\/strong><\/p>","_links":{"self":[{"href":"https:\/\/news.med-link.org\/it\/wp-json\/wp\/v2\/pages\/2430","targetHints":{"allow":["GET"]}}],"collection":[{"href":"https:\/\/news.med-link.org\/it\/wp-json\/wp\/v2\/pages"}],"about":[{"href":"https:\/\/news.med-link.org\/it\/wp-json\/wp\/v2\/types\/page"}],"author":[{"embeddable":true,"href":"https:\/\/news.med-link.org\/it\/wp-json\/wp\/v2\/users\/3"}],"replies":[{"embeddable":true,"href":"https:\/\/news.med-link.org\/it\/wp-json\/wp\/v2\/comments?post=2430"}],"version-history":[{"count":6,"href":"https:\/\/news.med-link.org\/it\/wp-json\/wp\/v2\/pages\/2430\/revisions"}],"predecessor-version":[{"id":7860,"href":"https:\/\/news.med-link.org\/it\/wp-json\/wp\/v2\/pages\/2430\/revisions\/7860"}],"wp:attachment":[{"href":"https:\/\/news.med-link.org\/it\/wp-json\/wp\/v2\/media?parent=2430"}],"curies":[{"name":"wp","href":"https:\/\/api.w.org\/{rel}","templated":true}]}}