{"id":2446,"date":"2020-12-09T18:03:48","date_gmt":"2020-12-09T17:03:48","guid":{"rendered":"https:\/\/news.med-link.org\/domainen\/gestion-des-temps-et-facturation\/"},"modified":"2023-03-06T13:43:00","modified_gmt":"2023-03-06T12:43:00","slug":"zeitmanagement-und-abrechnung","status":"publish","type":"page","link":"https:\/\/news.med-link.org\/de\/domainen\/zeitmanagement-und-abrechnung\/","title":{"rendered":"Zeitmanagement und Abrechnung"},"content":{"rendered":"<!--themify_builder_content-->\n<div id=\"themify_builder_content-2446\" data-postid=\"2446\" class=\"themify_builder_content themify_builder_content-2446 themify_builder tf_clear\">\n                    <div  data-lazy=\"1\" class=\"module_row themify_builder_row tb_jbkq664 tb_first tf_w\">\n                        <div class=\"row_inner col_align_top tb_col_count_2 tf_box tf_rel\">\n                        <div  data-lazy=\"1\" class=\"module_column tb-column col4-1 tb_nln2665 first\">\n                    <!-- module image -->\n<div  class=\"module module-image tb_wjl4177 image-top   tf_mw\" data-lazy=\"1\">\n        <div class=\"image-wrap tf_rel tf_mw\">\n            <img decoding=\"async\" width=\"2560\" height=\"1707\" src=\"https:\/\/news.med-link.org\/wp-content\/uploads\/2020\/11\/AdobeStock_133905377-scaled.jpeg\" class=\"wp-post-image wp-image-1006\" title=\"businessman hand working with new modern computer and business s\" alt=\"businessman hand working with new modern computer and business s\" srcset=\"https:\/\/news.med-link.org\/wp-content\/uploads\/2020\/11\/AdobeStock_133905377-scaled.jpeg 2560w, https:\/\/news.med-link.org\/wp-content\/uploads\/2020\/11\/AdobeStock_133905377-300x200.jpeg 300w, https:\/\/news.med-link.org\/wp-content\/uploads\/2020\/11\/AdobeStock_133905377-1024x683.jpeg 1024w, https:\/\/news.med-link.org\/wp-content\/uploads\/2020\/11\/AdobeStock_133905377-768x512.jpeg 768w, https:\/\/news.med-link.org\/wp-content\/uploads\/2020\/11\/AdobeStock_133905377-1536x1024.jpeg 1536w, https:\/\/news.med-link.org\/wp-content\/uploads\/2020\/11\/AdobeStock_133905377-2048x1365.jpeg 2048w\" sizes=\"(max-width: 2560px) 100vw, 2560px\" \/>    \n        <\/div>\n    <!-- \/image-wrap -->\n    \n        <\/div>\n<!-- \/module image -->        <\/div>\n                    <div  data-lazy=\"1\" class=\"module_column tb-column col4-3 tb_g2tn671 last\">\n                            <div  data-lazy=\"1\" class=\"module_subrow themify_builder_sub_row tf_w col_align_top tb_col_count_3 tb_en4j889\">\n                <div  data-lazy=\"1\" class=\"module_column sub_column col3-1 tb_mxoh890 first\">\n                    <!-- module text -->\n<div  class=\"module module-text tb_913q899   \" data-lazy=\"1\">\n        <div  class=\"tb_text_wrap\">\n        <p><strong>Zeitmanagement und Abrechnung <\/strong>umfassen die folgenden Merkmale:<\/p>\n<ul>\n<li>Leistungserfassung<\/li>\n<li>Mitarbeiterzugang<\/li>\n<li>Rechnungsabschluss<\/li>\n<\/ul>    <\/div>\n<\/div>\n<!-- \/module text -->        <\/div>\n                    <div  data-lazy=\"1\" class=\"module_column sub_column col3-1 tb_apwi891\">\n                    <!-- module text -->\n<div  class=\"module module-text tb_fe13430   \" data-lazy=\"1\">\n        <div  class=\"tb_text_wrap\">\n        <p>\u00a0<\/p>\n<p>\u00a0<\/p>\n<ul>\n<li>Rechnungsstellung (e-karus Option)<\/li>\n<li>Export von Lohndaten<\/li>\n<\/ul>    <\/div>\n<\/div>\n<!-- \/module text -->        <\/div>\n                    <div  data-lazy=\"1\" class=\"module_column sub_column col3-1 tb_ukd2891 last\">\n                            <\/div>\n                    <\/div>\n                <\/div>\n                        <\/div>\n        <\/div>\n                        <div  data-lazy=\"1\" class=\"module_row themify_builder_row tb_xyg0485 tf_w\">\n                        <div class=\"row_inner col_align_top tb_col_count_1 tf_box tf_rel\">\n                        <div  data-lazy=\"1\" class=\"module_column tb-column col-full tb_db3p487 first\">\n                    <!-- module text -->\n<div  class=\"module module-text tb_t477232   \" data-lazy=\"1\">\n        <div  class=\"tb_text_wrap\">\n        <p><strong>Alle Artikel, die Zeitmanagement &amp; Abrechnung betreffen:<\/strong><\/p>    <\/div>\n<\/div>\n<!-- \/module text --><!-- module post -->\n<div  class=\"module module-post tb_bg4z855 \">\n    <div  class=\"builder-posts-wrap loops-wrapper grid4 classic tf_clear tf_clearfix\" data-lazy=\"1\">\n    <article id=\"post-16476\" class=\"post tf_clearfix post-16476 type-post status-publish format-standard has-post-thumbnail hentry category-verbesserungen-2026-04-08 category-zeitmanagement-und-leistungsverrechnung has-post-title no-post-date has-post-category has-post-tag has-post-comment has-post-author \">\n\t    \n\t                <figure class=\"post-image tf_clearfix\">\n                                                            <a href=\"https:\/\/news.med-link.org\/de\/stornierungen-weiterverrechnung-medlink-uebernimmt-sie-bestaetigen\/\">\n                                        <img decoding=\"async\" width=\"1024\" height=\"1024\" src=\"https:\/\/news.med-link.org\/wp-content\/uploads\/2026\/04\/86c6605a-729f-4744-80df-510c825c17c7.jpg\" class=\"wp-post-image wp-image-16300\" title=\"86c6605a-729f-4744-80df-510c825c17c7\" alt=\"86c6605a-729f-4744-80df-510c825c17c7\" srcset=\"https:\/\/news.med-link.org\/wp-content\/uploads\/2026\/04\/86c6605a-729f-4744-80df-510c825c17c7.jpg 1024w, https:\/\/news.med-link.org\/wp-content\/uploads\/2026\/04\/86c6605a-729f-4744-80df-510c825c17c7-300x300.jpg 300w, https:\/\/news.med-link.org\/wp-content\/uploads\/2026\/04\/86c6605a-729f-4744-80df-510c825c17c7-150x150.jpg 150w, https:\/\/news.med-link.org\/wp-content\/uploads\/2026\/04\/86c6605a-729f-4744-80df-510c825c17c7-768x768.jpg 768w\" sizes=\"(max-width: 1024px) 100vw, 1024px\" \/>                                                                    <\/a>\n                                                                <\/figure>\n                    \t<div class=\"post-content\">\n\t\t<div class=\"post-content-inner\">\n\n\t\t\t\n\t\t\t<h2 class=\"post-title entry-title\"><a href=\"https:\/\/news.med-link.org\/de\/stornierungen-weiterverrechnung-medlink-uebernimmt-sie-bestaetigen\/\">Stornierungen &amp; Weiterverrechnung: MedLink \u00fcbernimmt \u2013 Sie best\u00e4tigen.<\/a><\/h2>\n\t\t\t\t\t\t\t<p class=\"post-meta entry-meta\">\n\t\t\t\t\t\t\t\t\t\t\t<span class=\"post-author\"><span class=\"author vcard\"><a class=\"url fn n\" href=\"https:\/\/news.med-link.org\/de\/author\/julia\/\" rel=\"author\">Julia Weingarten<\/a><\/span><\/span>\n\t\t\t\t\t\n\t\t\t\t\t<span class=\"post-category\"><a href=\"https:\/\/news.med-link.org\/de\/cat\/verbesserungen-2026-04-08\/\" rel=\"tag\" class=\"term-verbesserungen-2026-04-08\">Verbesserungen - 2026-04-08<\/a><span class=\"separator\">, <\/span><a href=\"https:\/\/news.med-link.org\/de\/cat\/domain-de\/zeitmanagement-und-leistungsverrechnung\/\" rel=\"tag\" class=\"term-zeitmanagement-und-leistungsverrechnung\">Zeitmanagement und Abrechnung<\/a><\/span>\n\t\t\t\t\t\t\t\t\t\t\t\t\t\t\t\t\n\t\t\t\t\t\t\t\t\t<\/p>\n\t\t\t\t<!-- \/post-meta -->\n\t\t\t\n\t\t\t\n\t\t\t        <div class=\"entry-content\">\n\n        \n            <p>Manuelle Anpassungen geh\u00f6ren der Vergangenheit an. MedLink erkennt automatisch, was sich ge\u00e4ndert hat, verarbeitet die Nachverrechnung und synchronisiert die Datenfl\u00fcsse. Die Freigabe bleibt bei Ihnen &#8211; den Rest \u00fcbernimmt MedLink.<\/p>\n\n                \n            \n        <\/div><!-- \/.entry-content -->\n        \n\t\t<\/div>\n\t\t<!-- \/.post-content-inner -->\n\t<\/div>\n\t<!-- \/.post-content -->\n\t\n<\/article>\n<!-- \/.post -->\n<article id=\"post-15495\" class=\"post tf_clearfix post-15495 type-post status-publish format-standard has-post-thumbnail hentry category-verbesserungen-2026-02-11 category-zeitmanagement-und-leistungsverrechnung has-post-title no-post-date has-post-category has-post-tag has-post-comment has-post-author \">\n\t    \n\t                <figure class=\"post-image tf_clearfix\">\n                                                            <a href=\"https:\/\/news.med-link.org\/de\/en-cas-derreur-de-tarif-lutilisateur-est-informe-immediatement\/\">\n                                        <img decoding=\"async\" width=\"1024\" height=\"1024\" src=\"https:\/\/news.med-link.org\/wp-content\/uploads\/2026\/02\/c0f4f757-ae2d-4bbc-acf8-95871013567c.jpg\" class=\"wp-post-image wp-image-15425\" title=\"c0f4f757-ae2d-4bbc-acf8-95871013567c\" alt=\"c0f4f757-ae2d-4bbc-acf8-95871013567c\" srcset=\"https:\/\/news.med-link.org\/wp-content\/uploads\/2026\/02\/c0f4f757-ae2d-4bbc-acf8-95871013567c.jpg 1024w, https:\/\/news.med-link.org\/wp-content\/uploads\/2026\/02\/c0f4f757-ae2d-4bbc-acf8-95871013567c-300x300.jpg 300w, https:\/\/news.med-link.org\/wp-content\/uploads\/2026\/02\/c0f4f757-ae2d-4bbc-acf8-95871013567c-150x150.jpg 150w, https:\/\/news.med-link.org\/wp-content\/uploads\/2026\/02\/c0f4f757-ae2d-4bbc-acf8-95871013567c-768x768.jpg 768w, https:\/\/news.med-link.org\/wp-content\/uploads\/2026\/02\/c0f4f757-ae2d-4bbc-acf8-95871013567c-47x48.jpg 47w\" sizes=\"(max-width: 1024px) 100vw, 1024px\" \/>                                                                    <\/a>\n                                                                <\/figure>\n                    \t<div class=\"post-content\">\n\t\t<div class=\"post-content-inner\">\n\n\t\t\t\n\t\t\t<h2 class=\"post-title entry-title\"><a href=\"https:\/\/news.med-link.org\/de\/en-cas-derreur-de-tarif-lutilisateur-est-informe-immediatement\/\">Im Falle eines Tariffehlers wird der Nutzer unverz\u00fcglich informiert<\/a><\/h2>\n\t\t\t\t\t\t\t<p class=\"post-meta entry-meta\">\n\t\t\t\t\t\t\t\t\t\t\t<span class=\"post-author\"><span class=\"author vcard\"><a class=\"url fn n\" href=\"https:\/\/news.med-link.org\/de\/author\/julia\/\" rel=\"author\">Julia Weingarten<\/a><\/span><\/span>\n\t\t\t\t\t\n\t\t\t\t\t<span class=\"post-category\"><a href=\"https:\/\/news.med-link.org\/de\/cat\/2026-02-11\/verbesserungen-2026-02-11\/\" rel=\"tag\" class=\"term-verbesserungen-2026-02-11\">Verbesserungen - 2026-02-11<\/a><span class=\"separator\">, <\/span><a href=\"https:\/\/news.med-link.org\/de\/cat\/domain-de\/zeitmanagement-und-leistungsverrechnung\/\" rel=\"tag\" class=\"term-zeitmanagement-und-leistungsverrechnung\">Zeitmanagement und Abrechnung<\/a><\/span>\n\t\t\t\t\t\t\t\t\t\t\t\t\t\t\t\t\n\t\t\t\t\t\t\t\t\t<\/p>\n\t\t\t\t<!-- \/post-meta -->\n\t\t\t\n\t\t\t\n\t\t\t        <div class=\"entry-content\">\n\n        \n            <p>Bei Tarifabweichungen wird der Nutzer umgehend per E-Mail informiert. Keine Umwege, keine Wartezeiten: Der Fehler ist sofort sichtbar und kann unverz\u00fcglich korrigiert werden.  <\/p>\n\n                \n            \n        <\/div><!-- \/.entry-content -->\n        \n\t\t<\/div>\n\t\t<!-- \/.post-content-inner -->\n\t<\/div>\n\t<!-- \/.post-content -->\n\t\n<\/article>\n<!-- \/.post -->\n<article id=\"post-15208\" class=\"post tf_clearfix post-15208 type-post status-publish format-standard has-post-thumbnail hentry category-verbesserungen-2026-01-28 category-zeitmanagement-und-leistungsverrechnung has-post-title no-post-date has-post-category has-post-tag has-post-comment has-post-author \">\n\t    \n\t                <figure class=\"post-image tf_clearfix\">\n                                                            <a href=\"https:\/\/news.med-link.org\/de\/proches-aidants-un-nouveau-code-pour-differencier-le-financement-residuel-rf03\/\">\n                                        <img decoding=\"async\" width=\"694\" height=\"694\" src=\"https:\/\/news.med-link.org\/wp-content\/uploads\/2026\/01\/picture2.jpg\" class=\"wp-post-image wp-image-15002\" title=\"picture2\" alt=\"picture2\" srcset=\"https:\/\/news.med-link.org\/wp-content\/uploads\/2026\/01\/picture2.jpg 694w, https:\/\/news.med-link.org\/wp-content\/uploads\/2026\/01\/picture2-300x300.jpg 300w, https:\/\/news.med-link.org\/wp-content\/uploads\/2026\/01\/picture2-150x150.jpg 150w, https:\/\/news.med-link.org\/wp-content\/uploads\/2026\/01\/picture2-47x48.jpg 47w\" sizes=\"(max-width: 694px) 100vw, 694px\" \/>                                                                    <\/a>\n                                                                <\/figure>\n                    \t<div class=\"post-content\">\n\t\t<div class=\"post-content-inner\">\n\n\t\t\t\n\t\t\t<h2 class=\"post-title entry-title\"><a href=\"https:\/\/news.med-link.org\/de\/proches-aidants-un-nouveau-code-pour-differencier-le-financement-residuel-rf03\/\">Pflegende Angeh\u00f6rige: eine neue Bezeichnung zur besseren Handhabe der Restkostenfinanzierung (SD03)<\/a><\/h2>\n\t\t\t\t\t\t\t<p class=\"post-meta entry-meta\">\n\t\t\t\t\t\t\t\t\t\t\t<span class=\"post-author\"><span class=\"author vcard\"><a class=\"url fn n\" href=\"https:\/\/news.med-link.org\/de\/author\/emeric\/\" rel=\"author\">Emeric Debionne<\/a><\/span><\/span>\n\t\t\t\t\t\n\t\t\t\t\t<span class=\"post-category\"><a href=\"https:\/\/news.med-link.org\/de\/cat\/2026-01-28-3\/verbesserungen-2026-01-28\/\" rel=\"tag\" class=\"term-verbesserungen-2026-01-28\">Verbesserungen - 2026-01-28<\/a><span class=\"separator\">, <\/span><a href=\"https:\/\/news.med-link.org\/de\/cat\/domain-de\/zeitmanagement-und-leistungsverrechnung\/\" rel=\"tag\" class=\"term-zeitmanagement-und-leistungsverrechnung\">Zeitmanagement und Abrechnung<\/a><\/span>\n\t\t\t\t\t\t\t\t\t\t\t\t\t\t\t\t\n\t\t\t\t\t\t\t\t\t<\/p>\n\t\t\t\t<!-- \/post-meta -->\n\t\t\t\n\t\t\t\n\t\t\t        <div class=\"entry-content\">\n\n        \n            <p>Die kantonalen Beh\u00f6rden f\u00fchren eine separate und kontrollierte Abrechnung der von pflegenden Angeh\u00f6rigen erbrachten Leistungen ein. Diese Entwicklung, die durch erh\u00f6hte Anforderungen an Transparenz, Fairness und Zuverl\u00e4ssigkeit der Daten vorangetrieben wird, st\u00fctzt sich ab 2026 auf eine neue Art von Leistung, mit der diese Pflege klar identifiziert werden kann.<\/p>\n\n                \n            \n        <\/div><!-- \/.entry-content -->\n        \n\t\t<\/div>\n\t\t<!-- \/.post-content-inner -->\n\t<\/div>\n\t<!-- \/.post-content -->\n\t\n<\/article>\n<!-- \/.post -->\n<article id=\"post-15240\" class=\"post tf_clearfix post-15240 type-post status-publish format-standard has-post-thumbnail hentry category-verbesserungen-2026-01-28 category-zeitmanagement-und-leistungsverrechnung has-post-title no-post-date has-post-category has-post-tag has-post-comment has-post-author \">\n\t    \n\t                <figure class=\"post-image tf_clearfix\">\n                                                            <a href=\"https:\/\/news.med-link.org\/de\/zero-oubli-zero-stress-comment-medlink-securise-la-planification-et-la-facturation\/\">\n                                        <img decoding=\"async\" width=\"487\" height=\"487\" src=\"https:\/\/news.med-link.org\/wp-content\/uploads\/2026\/01\/T17560_001.jpg\" class=\"wp-post-image wp-image-15075\" title=\"T17560_001\" alt=\"T17560_001\" srcset=\"https:\/\/news.med-link.org\/wp-content\/uploads\/2026\/01\/T17560_001.jpg 487w, https:\/\/news.med-link.org\/wp-content\/uploads\/2026\/01\/T17560_001-300x300.jpg 300w, https:\/\/news.med-link.org\/wp-content\/uploads\/2026\/01\/T17560_001-150x150.jpg 150w, https:\/\/news.med-link.org\/wp-content\/uploads\/2026\/01\/T17560_001-47x48.jpg 47w\" sizes=\"(max-width: 487px) 100vw, 487px\" \/>                                                                    <\/a>\n                                                                <\/figure>\n                    \t<div class=\"post-content\">\n\t\t<div class=\"post-content-inner\">\n\n\t\t\t\n\t\t\t<h2 class=\"post-title entry-title\"><a href=\"https:\/\/news.med-link.org\/de\/zero-oubli-zero-stress-comment-medlink-securise-la-planification-et-la-facturation\/\">Nix vergessen und ohne Stress: MedLink sichert Planung und Abrechnung<\/a><\/h2>\n\t\t\t\t\t\t\t<p class=\"post-meta entry-meta\">\n\t\t\t\t\t\t\t\t\t\t\t<span class=\"post-author\"><span class=\"author vcard\"><a class=\"url fn n\" href=\"https:\/\/news.med-link.org\/de\/author\/emeric\/\" rel=\"author\">Emeric Debionne<\/a><\/span><\/span>\n\t\t\t\t\t\n\t\t\t\t\t<span class=\"post-category\"><a href=\"https:\/\/news.med-link.org\/de\/cat\/2026-01-28-3\/verbesserungen-2026-01-28\/\" rel=\"tag\" class=\"term-verbesserungen-2026-01-28\">Verbesserungen - 2026-01-28<\/a><span class=\"separator\">, <\/span><a href=\"https:\/\/news.med-link.org\/de\/cat\/domain-de\/zeitmanagement-und-leistungsverrechnung\/\" rel=\"tag\" class=\"term-zeitmanagement-und-leistungsverrechnung\">Zeitmanagement und Abrechnung<\/a><\/span>\n\t\t\t\t\t\t\t\t\t\t\t\t\t\t\t\t\n\t\t\t\t\t\t\t\t\t<\/p>\n\t\t\t\t<!-- \/post-meta -->\n\t\t\t\n\t\t\t\n\t\t\t        <div class=\"entry-content\">\n\n        \n            <p>Wie l\u00e4sst sich eine hochwertige Patientenversorgung und l\u00fcckenlose Abrechnung im Alltag vereinen? Ein vollst\u00e4ndig \u00fcberarbeitetes Tool unterst\u00fctzt Sie dabei \u2013 in beiden Bereichen.<br \/>\nEntdecken Sie es jetzt.<\/p>\n\n                \n            \n        <\/div><!-- \/.entry-content -->\n        \n\t\t<\/div>\n\t\t<!-- \/.post-content-inner -->\n\t<\/div>\n\t<!-- \/.post-content -->\n\t\n<\/article>\n<!-- \/.post -->\n    <\/div><!-- .builder-posts-wrap -->\n            <\/div>\n<!-- \/module post -->\n            <\/div>\n                        <\/div>\n        <\/div>\n        <\/div>\n<!--\/themify_builder_content-->","protected":false},"excerpt":{"rendered":"<p>Zeitmanagement und Abrechnung umfassen die folgenden Merkmale: Leistungserfassung Mitarbeiterzugang Rechnungsabschluss<\/p>\n","protected":false},"author":3,"featured_media":0,"parent":1916,"menu_order":0,"comment_status":"closed","ping_status":"closed","template":"","meta":{"advanced_seo_description":"","jetpack_seo_html_title":"","jetpack_seo_noindex":false,"footnotes":""},"class_list":["post-2446","page","type-page","status-publish","hentry","has-post-title","has-post-date","has-post-category","has-post-tag","has-post-comment","has-post-author",""],"jetpack_sharing_enabled":true,"builder_content":"<img src=\"https:\/\/news.med-link.org\/wp-content\/uploads\/2020\/11\/AdobeStock_133905377-scaled.jpeg\" title=\"businessman hand working with new modern computer and business s\" alt=\"businessman hand working with new modern computer and business s\" srcset=\"https:\/\/news.med-link.org\/wp-content\/uploads\/2020\/11\/AdobeStock_133905377-scaled.jpeg 2560w, https:\/\/news.med-link.org\/wp-content\/uploads\/2020\/11\/AdobeStock_133905377-300x200.jpeg 300w, https:\/\/news.med-link.org\/wp-content\/uploads\/2020\/11\/AdobeStock_133905377-1024x683.jpeg 1024w, https:\/\/news.med-link.org\/wp-content\/uploads\/2020\/11\/AdobeStock_133905377-768x512.jpeg 768w, https:\/\/news.med-link.org\/wp-content\/uploads\/2020\/11\/AdobeStock_133905377-1536x1024.jpeg 1536w, https:\/\/news.med-link.org\/wp-content\/uploads\/2020\/11\/AdobeStock_133905377-2048x1365.jpeg 2048w\" sizes=\"(max-width: 2560px) 100vw, 2560px\" \/>\n<p><strong>Zeitmanagement und Abrechnung <\/strong>umfassen die folgenden Merkmale:<\/p> <ul> <li>Leistungserfassung<\/li> <li>Mitarbeiterzugang<\/li> <li>Rechnungsabschluss<\/li> <\/ul>\n<p>\u00a0<\/p> <p>\u00a0<\/p> <ul> <li>Rechnungsstellung (e-karus Option)<\/li> <li>Export von Lohndaten<\/li> <\/ul>\n<p><strong>Alle Artikel, die Zeitmanagement &amp; Abrechnung betreffen:<\/strong><\/p>","_links":{"self":[{"href":"https:\/\/news.med-link.org\/de\/wp-json\/wp\/v2\/pages\/2446","targetHints":{"allow":["GET"]}}],"collection":[{"href":"https:\/\/news.med-link.org\/de\/wp-json\/wp\/v2\/pages"}],"about":[{"href":"https:\/\/news.med-link.org\/de\/wp-json\/wp\/v2\/types\/page"}],"author":[{"embeddable":true,"href":"https:\/\/news.med-link.org\/de\/wp-json\/wp\/v2\/users\/3"}],"replies":[{"embeddable":true,"href":"https:\/\/news.med-link.org\/de\/wp-json\/wp\/v2\/comments?post=2446"}],"version-history":[{"count":8,"href":"https:\/\/news.med-link.org\/de\/wp-json\/wp\/v2\/pages\/2446\/revisions"}],"predecessor-version":[{"id":7855,"href":"https:\/\/news.med-link.org\/de\/wp-json\/wp\/v2\/pages\/2446\/revisions\/7855"}],"up":[{"embeddable":true,"href":"https:\/\/news.med-link.org\/de\/wp-json\/wp\/v2\/pages\/1916"}],"wp:attachment":[{"href":"https:\/\/news.med-link.org\/de\/wp-json\/wp\/v2\/media?parent=2446"}],"curies":[{"name":"wp","href":"https:\/\/api.w.org\/{rel}","templated":true}]}}