{"id":2440,"date":"2020-12-09T18:03:07","date_gmt":"2020-12-09T17:03:07","guid":{"rendered":"https:\/\/news.med-link.org\/gestione-degli-interventi\/"},"modified":"2023-03-06T13:42:45","modified_gmt":"2023-03-06T12:42:45","slug":"einsatzplanung","status":"publish","type":"page","link":"https:\/\/news.med-link.org\/de\/domainen\/einsatzplanung\/","title":{"rendered":"Einsatzplanung"},"content":{"rendered":"<!--themify_builder_content-->\n<div id=\"themify_builder_content-2440\" data-postid=\"2440\" class=\"themify_builder_content themify_builder_content-2440 themify_builder tf_clear\">\n                    <div  data-lazy=\"1\" class=\"module_row themify_builder_row tb_oi1h133 tb_first tf_w\">\n                        <div class=\"row_inner col_align_top tb_col_count_2 tf_box tf_rel\">\n                        <div  data-lazy=\"1\" class=\"module_column tb-column col4-1 tb_r6og135 first\">\n                    <!-- module image -->\n<div  class=\"module module-image tb_q2mn888 image-top   tf_mw\" data-lazy=\"1\">\n        <div class=\"image-wrap tf_rel tf_mw\">\n            <img decoding=\"async\" width=\"2560\" height=\"1707\" src=\"https:\/\/news.med-link.org\/wp-content\/uploads\/2021\/11\/AdobeStock_171568550-scaled.jpeg\" class=\"wp-post-image wp-image-2044\" title=\"Project manager looking at AR screen, Gantt chart schedule, planning\" alt=\"Project manager looking at AR screen, Gantt chart schedule, planning\" srcset=\"https:\/\/news.med-link.org\/wp-content\/uploads\/2021\/11\/AdobeStock_171568550-scaled.jpeg 2560w, https:\/\/news.med-link.org\/wp-content\/uploads\/2021\/11\/AdobeStock_171568550-300x200.jpeg 300w, https:\/\/news.med-link.org\/wp-content\/uploads\/2021\/11\/AdobeStock_171568550-1024x683.jpeg 1024w, https:\/\/news.med-link.org\/wp-content\/uploads\/2021\/11\/AdobeStock_171568550-768x512.jpeg 768w, https:\/\/news.med-link.org\/wp-content\/uploads\/2021\/11\/AdobeStock_171568550-1536x1024.jpeg 1536w, https:\/\/news.med-link.org\/wp-content\/uploads\/2021\/11\/AdobeStock_171568550-2048x1365.jpeg 2048w\" sizes=\"(max-width: 2560px) 100vw, 2560px\" \/>    \n        <\/div>\n    <!-- \/image-wrap -->\n    \n        <\/div>\n<!-- \/module image -->        <\/div>\n                    <div  data-lazy=\"1\" class=\"module_column tb-column col4-3 tb_8c03564 last\">\n                            <div  data-lazy=\"1\" class=\"module_subrow themify_builder_sub_row tf_w col_align_top tb_col_count_3 tb_0lkh560\">\n                <div  data-lazy=\"1\" class=\"module_column sub_column col3-1 tb_an13561 first\">\n                    <!-- module text -->\n<div  class=\"module module-text tb_qp1y597   \" data-lazy=\"1\">\n        <div  class=\"tb_text_wrap\">\n        <p>Die <strong>Einsatzplanung<\/strong> umfasst die folgenden Merkmale:<\/p>\n<ul>\n<li>Dienstzeiten<\/li>\n<li>Manuelle Erstellung von Eins\u00e4tzen<\/li>\n<li>Automatische Einsatzplannung<\/li>\n<li>Verwaltung von Kolloquien \/ Pausen<\/li>\n<\/ul>    <\/div>\n<\/div>\n<!-- \/module text -->        <\/div>\n                    <div  data-lazy=\"1\" class=\"module_column sub_column col3-1 tb_lesf561\">\n                    <!-- module text -->\n<div  class=\"module module-text tb_244u449   \" data-lazy=\"1\">\n        <div  class=\"tb_text_wrap\">\n        <p>\u00a0<\/p>\n<ul>\n<li>Ressourcenzuweisung<\/li>\n<li>Mitteilung der Planung an den Kunden<\/li>\n<li>Abwesenheitsmanagement<\/li>\n<li>Referenzplanung<\/li>\n<\/ul>    <\/div>\n<\/div>\n<!-- \/module text -->        <\/div>\n                    <div  data-lazy=\"1\" class=\"module_column sub_column col3-1 tb_461z562 last\">\n                            <\/div>\n                    <\/div>\n                <\/div>\n                        <\/div>\n        <\/div>\n                        <div  data-lazy=\"1\" class=\"module_row themify_builder_row tb_xyg0485 tf_w\">\n                        <div class=\"row_inner col_align_top tb_col_count_1 tf_box tf_rel\">\n                        <div  data-lazy=\"1\" class=\"module_column tb-column col-full tb_db3p487 first\">\n                    <!-- module text -->\n<div  class=\"module module-text tb_t477232   \" data-lazy=\"1\">\n        <div  class=\"tb_text_wrap\">\n        <p><strong>Alle Artikel, die die Einsatzplanung betreffen:<\/strong><\/p>    <\/div>\n<\/div>\n<!-- \/module text --><!-- module post -->\n<div  class=\"module module-post tb_bg4z855 \">\n    <div  class=\"builder-posts-wrap loops-wrapper grid4 classic tf_clear tf_clearfix\" data-lazy=\"1\">\n    <article id=\"post-16108\" class=\"post tf_clearfix post-16108 type-post status-publish format-standard has-post-thumbnail hentry category-einsatzverwaltung category-verbesserungen-2026-03-25 has-post-title no-post-date has-post-category has-post-tag has-post-comment has-post-author \">\n\t    \n\t                <figure class=\"post-image tf_clearfix\">\n                                                            <a href=\"https:\/\/news.med-link.org\/de\/assistant-pour-la-planification-recurrente-apr-trois-couleurs-pour-decider-en-un-coup-doeil\/\">\n                                        <img decoding=\"async\" width=\"842\" height=\"842\" src=\"https:\/\/news.med-link.org\/wp-content\/uploads\/2026\/03\/T17654_001.jpg\" class=\"wp-post-image wp-image-15955\" title=\"T17654_001\" alt=\"T17654_001\" srcset=\"https:\/\/news.med-link.org\/wp-content\/uploads\/2026\/03\/T17654_001.jpg 842w, https:\/\/news.med-link.org\/wp-content\/uploads\/2026\/03\/T17654_001-300x300.jpg 300w, https:\/\/news.med-link.org\/wp-content\/uploads\/2026\/03\/T17654_001-150x150.jpg 150w, https:\/\/news.med-link.org\/wp-content\/uploads\/2026\/03\/T17654_001-768x768.jpg 768w\" sizes=\"(max-width: 842px) 100vw, 842px\" \/>                                                                    <\/a>\n                                                                <\/figure>\n                    \t<div class=\"post-content\">\n\t\t<div class=\"post-content-inner\">\n\n\t\t\t\n\t\t\t<h2 class=\"post-title entry-title\"><a href=\"https:\/\/news.med-link.org\/de\/assistant-pour-la-planification-recurrente-apr-trois-couleurs-pour-decider-en-un-coup-doeil\/\">Hilfe bei der wiederkehrenden Planung (HWP): Drei Farben f\u00fcr mehr Orientierung<\/a><\/h2>\n\t\t\t\t\t\t\t<p class=\"post-meta entry-meta\">\n\t\t\t\t\t\t\t\t\t\t\t<span class=\"post-author\"><span class=\"author vcard\"><a class=\"url fn n\" href=\"https:\/\/news.med-link.org\/de\/author\/julia\/\" rel=\"author\">Julia Weingarten<\/a><\/span><\/span>\n\t\t\t\t\t\n\t\t\t\t\t<span class=\"post-category\"><a href=\"https:\/\/news.med-link.org\/de\/cat\/domain-de\/einsatzverwaltung\/\" rel=\"tag\" class=\"term-einsatzverwaltung\">Einsatzverwaltung<\/a><span class=\"separator\">, <\/span><a href=\"https:\/\/news.med-link.org\/de\/cat\/verbesserungen-2026-03-25\/\" rel=\"tag\" class=\"term-verbesserungen-2026-03-25\">Verbesserungen - 2026-03-25<\/a><\/span>\n\t\t\t\t\t\t\t\t\t\t\t\t\t\t\t\t\n\t\t\t\t\t\t\t\t\t<\/p>\n\t\t\t\t<!-- \/post-meta -->\n\t\t\t\n\t\t\t\n\t\t\t        <div class=\"entry-content\">\n\n        \n            <p>Eine intuitive Farbcodierung nach dem Ampelprinzip macht Auslastung und Verf\u00fcgbarkeit auf der HWP-Ansicht sofort erkennbar und erleichtert somit die Planung.<\/p>\n\n                \n            \n        <\/div><!-- \/.entry-content -->\n        \n\t\t<\/div>\n\t\t<!-- \/.post-content-inner -->\n\t<\/div>\n\t<!-- \/.post-content -->\n\t\n<\/article>\n<!-- \/.post -->\n<article id=\"post-15849\" class=\"post tf_clearfix post-15849 type-post status-publish format-standard has-post-thumbnail hentry category-einsatzverwaltung category-verbesserungen-2026-03-11 has-post-title no-post-date has-post-category has-post-tag has-post-comment has-post-author \">\n\t    \n\t                <figure class=\"post-image tf_clearfix\">\n                                                            <a href=\"https:\/\/news.med-link.org\/de\/le-plan-du-jour-une-vue-simplifiee-des-rendez-vous-recurrents\/\">\n                                        <img decoding=\"async\" width=\"766\" height=\"766\" src=\"https:\/\/news.med-link.org\/wp-content\/uploads\/2026\/03\/Immagine1.jpg\" class=\"wp-post-image wp-image-15734\" title=\"Immagine1\" alt=\"Immagine1\" srcset=\"https:\/\/news.med-link.org\/wp-content\/uploads\/2026\/03\/Immagine1.jpg 766w, https:\/\/news.med-link.org\/wp-content\/uploads\/2026\/03\/Immagine1-300x300.jpg 300w, https:\/\/news.med-link.org\/wp-content\/uploads\/2026\/03\/Immagine1-150x150.jpg 150w, https:\/\/news.med-link.org\/wp-content\/uploads\/2026\/03\/Immagine1-47x48.jpg 47w\" sizes=\"(max-width: 766px) 100vw, 766px\" \/>                                                                    <\/a>\n                                                                <\/figure>\n                    \t<div class=\"post-content\">\n\t\t<div class=\"post-content-inner\">\n\n\t\t\t\n\t\t\t<h2 class=\"post-title entry-title\"><a href=\"https:\/\/news.med-link.org\/de\/le-plan-du-jour-une-vue-simplifiee-des-rendez-vous-recurrents\/\">Tagesplan: Eine sch\u00f6ne Ansicht auf die wiederkehrenden Termine<\/a><\/h2>\n\t\t\t\t\t\t\t<p class=\"post-meta entry-meta\">\n\t\t\t\t\t\t\t\t\t\t\t<span class=\"post-author\"><span class=\"author vcard\"><a class=\"url fn n\" href=\"https:\/\/news.med-link.org\/de\/author\/julia\/\" rel=\"author\">Julia Weingarten<\/a><\/span><\/span>\n\t\t\t\t\t\n\t\t\t\t\t<span class=\"post-category\"><a href=\"https:\/\/news.med-link.org\/de\/cat\/domain-de\/einsatzverwaltung\/\" rel=\"tag\" class=\"term-einsatzverwaltung\">Einsatzverwaltung<\/a><span class=\"separator\">, <\/span><a href=\"https:\/\/news.med-link.org\/de\/cat\/2026-03-11\/verbesserungen-2026-03-11\/\" rel=\"tag\" class=\"term-verbesserungen-2026-03-11\">Verbesserungen - 2026-03-11<\/a><\/span>\n\t\t\t\t\t\t\t\t\t\t\t\t\t\t\t\t\n\t\t\t\t\t\t\t\t\t<\/p>\n\t\t\t\t<!-- \/post-meta -->\n\t\t\t\n\t\t\t\n\t\t\t        <div class=\"entry-content\">\n\n        \n            <p>Wiederkehrende Termine, neu pr\u00e4sentiert: \u00fcbersichtlich, visuell ansprechend und intuitiv bedienbar. Alle zuk\u00fcnftigen Termine sind auf einen Blick erfassbar \u2013 logisch angeordnet, \u00e4sthetisch gestaltet und perfekt auf Ihren Alltag abgestimmt.<\/p>\n\n                \n            \n        <\/div><!-- \/.entry-content -->\n        \n\t\t<\/div>\n\t\t<!-- \/.post-content-inner -->\n\t<\/div>\n\t<!-- \/.post-content -->\n\t\n<\/article>\n<!-- \/.post -->\n<article id=\"post-13643\" class=\"post tf_clearfix post-13643 type-post status-publish format-standard has-post-thumbnail hentry category-einsatzverwaltung category-verbesserungen-2025-09-10 has-post-title no-post-date has-post-category has-post-tag has-post-comment has-post-author \">\n\t    \n\t                <figure class=\"post-image tf_clearfix\">\n                                                            <a href=\"https:\/\/news.med-link.org\/de\/%e2%9a%a1-suspension-express-de-la-planification\/\">\n                                        <img decoding=\"async\" width=\"967\" height=\"643\" src=\"https:\/\/news.med-link.org\/wp-content\/uploads\/2025\/09\/T17287_001.jpeg\" class=\"wp-post-image wp-image-13585\" title=\"T17287_001\" alt=\"T17287_001\" srcset=\"https:\/\/news.med-link.org\/wp-content\/uploads\/2025\/09\/T17287_001.jpeg 967w, https:\/\/news.med-link.org\/wp-content\/uploads\/2025\/09\/T17287_001-300x199.jpeg 300w, https:\/\/news.med-link.org\/wp-content\/uploads\/2025\/09\/T17287_001-768x511.jpeg 768w\" sizes=\"(max-width: 967px) 100vw, 967px\" \/>                                                                    <\/a>\n                                                                <\/figure>\n                    \t<div class=\"post-content\">\n\t\t<div class=\"post-content-inner\">\n\n\t\t\t\n\t\t\t<h2 class=\"post-title entry-title\"><a href=\"https:\/\/news.med-link.org\/de\/%e2%9a%a1-suspension-express-de-la-planification\/\">\u26a1 Sofortige Aussetzung der Planung<\/a><\/h2>\n\t\t\t\t\t\t\t<p class=\"post-meta entry-meta\">\n\t\t\t\t\t\t\t\t\t\t\t<span class=\"post-author\"><span class=\"author vcard\"><a class=\"url fn n\" href=\"https:\/\/news.med-link.org\/de\/author\/estelle\/\" rel=\"author\">Estelle Zufferey<\/a><\/span><\/span>\n\t\t\t\t\t\n\t\t\t\t\t<span class=\"post-category\"><a href=\"https:\/\/news.med-link.org\/de\/cat\/domain-de\/einsatzverwaltung\/\" rel=\"tag\" class=\"term-einsatzverwaltung\">Einsatzverwaltung<\/a><span class=\"separator\">, <\/span><a href=\"https:\/\/news.med-link.org\/de\/cat\/2025-09-10-de-2\/verbesserungen-2025-09-10\/\" rel=\"tag\" class=\"term-verbesserungen-2025-09-10\">Verbesserungen - 2025-09-10<\/a><\/span>\n\t\t\t\t\t\t\t\t\t\t\t\t\t\t\t\t\n\t\t\t\t\t\t\t\t\t<\/p>\n\t\t\t\t<!-- \/post-meta -->\n\t\t\t\n\t\t\t\n\t\t\t        <div class=\"entry-content\">\n\n        \n            <p>Bei Bedarf k\u00f6nnen Sie die Planung f\u00fcr einen Kunden mit einem einzigen Handgriff stoppen, ohne jede einzelne Leistung manuell schlie\u00dfen zu m\u00fcssen.<\/p>\n\n                \n            \n        <\/div><!-- \/.entry-content -->\n        \n\t\t<\/div>\n\t\t<!-- \/.post-content-inner -->\n\t<\/div>\n\t<!-- \/.post-content -->\n\t\n<\/article>\n<!-- \/.post -->\n<article id=\"post-13170\" class=\"post tf_clearfix post-13170 type-post status-publish format-standard has-post-thumbnail hentry category-betreuung-und-pflege category-einsatzverwaltung category-klientendossier-de category-verbesserungen-2025-07-16 category-zeitmanagement-und-leistungsverrechnung has-post-title no-post-date has-post-category has-post-tag has-post-comment has-post-author \">\n\t    \n\t                <figure class=\"post-image tf_clearfix\">\n                                                            <a href=\"https:\/\/news.med-link.org\/de\/priorisez-mieux-vos-taches-grace-aux-tableaux-de-bord\/\">\n                                        <img decoding=\"async\" width=\"1536\" height=\"1024\" src=\"https:\/\/news.med-link.org\/wp-content\/uploads\/2025\/07\/T17155_001.jpg\" class=\"wp-post-image wp-image-13120\" title=\"T17155_001\" alt=\"T17155_001\" srcset=\"https:\/\/news.med-link.org\/wp-content\/uploads\/2025\/07\/T17155_001.jpg 1536w, https:\/\/news.med-link.org\/wp-content\/uploads\/2025\/07\/T17155_001-300x200.jpg 300w, https:\/\/news.med-link.org\/wp-content\/uploads\/2025\/07\/T17155_001-1024x683.jpg 1024w, https:\/\/news.med-link.org\/wp-content\/uploads\/2025\/07\/T17155_001-768x512.jpg 768w\" sizes=\"(max-width: 1536px) 100vw, 1536px\" \/>                                                                    <\/a>\n                                                                <\/figure>\n                    \t<div class=\"post-content\">\n\t\t<div class=\"post-content-inner\">\n\n\t\t\t\n\t\t\t<h2 class=\"post-title entry-title\"><a href=\"https:\/\/news.med-link.org\/de\/priorisez-mieux-vos-taches-grace-aux-tableaux-de-bord\/\">Priorisieren Sie Aufgaben besser mit Dashboards<\/a><\/h2>\n\t\t\t\t\t\t\t<p class=\"post-meta entry-meta\">\n\t\t\t\t\t\t\t\t\t\t\t<span class=\"post-author\"><span class=\"author vcard\"><a class=\"url fn n\" href=\"https:\/\/news.med-link.org\/de\/author\/estelle\/\" rel=\"author\">Estelle Zufferey<\/a><\/span><\/span>\n\t\t\t\t\t\n\t\t\t\t\t<span class=\"post-category\"><a href=\"https:\/\/news.med-link.org\/de\/cat\/domain-de\/betreuung-und-pflege\/\" rel=\"tag\" class=\"term-betreuung-und-pflege\">Betreuung und Pflege<\/a><span class=\"separator\">, <\/span><a href=\"https:\/\/news.med-link.org\/de\/cat\/domain-de\/einsatzverwaltung\/\" rel=\"tag\" class=\"term-einsatzverwaltung\">Einsatzverwaltung<\/a><span class=\"separator\">, <\/span><a href=\"https:\/\/news.med-link.org\/de\/cat\/domain-de\/klientendossier-de\/\" rel=\"tag\" class=\"term-klientendossier-de\">Klientendossier<\/a><span class=\"separator\">, <\/span><a href=\"https:\/\/news.med-link.org\/de\/cat\/2025-07-16-de\/verbesserungen-2025-07-16\/\" rel=\"tag\" class=\"term-verbesserungen-2025-07-16\">Verbesserungen - 2025-07-16<\/a><span class=\"separator\">, <\/span><a href=\"https:\/\/news.med-link.org\/de\/cat\/domain-de\/zeitmanagement-und-leistungsverrechnung\/\" rel=\"tag\" class=\"term-zeitmanagement-und-leistungsverrechnung\">Zeitmanagement und Abrechnung<\/a><\/span>\n\t\t\t\t\t\t\t\t\t\t\t\t\t\t\t\t\n\t\t\t\t\t\t\t\t\t<\/p>\n\t\t\t\t<!-- \/post-meta -->\n\t\t\t\n\t\t\t\n\t\t\t        <div class=\"entry-content\">\n\n        \n            <p>MedLink f\u00fchrt bald visuelle Dashboards ein, um Aufgaben zu priorisieren und Verz\u00f6gerungen schnell zu erkennen.<\/p>\n\n                \n            \n        <\/div><!-- \/.entry-content -->\n        \n\t\t<\/div>\n\t\t<!-- \/.post-content-inner -->\n\t<\/div>\n\t<!-- \/.post-content -->\n\t\n<\/article>\n<!-- \/.post -->\n    <\/div><!-- .builder-posts-wrap -->\n            <\/div>\n<!-- \/module post -->\n            <\/div>\n                        <\/div>\n        <\/div>\n        <\/div>\n<!--\/themify_builder_content-->","protected":false},"excerpt":{"rendered":"<p>Die Einsatzplanung umfasst die folgenden Merkmale: Dienstzeiten Manuelle Erstellung von Eins\u00e4tzen Automatische Einsatzplannung Verwaltung von Kolloquien \/ Pausen<\/p>\n","protected":false},"author":3,"featured_media":0,"parent":1916,"menu_order":0,"comment_status":"closed","ping_status":"closed","template":"","meta":{"advanced_seo_description":"","jetpack_seo_html_title":"","jetpack_seo_noindex":false,"footnotes":""},"class_list":["post-2440","page","type-page","status-publish","hentry","has-post-title","has-post-date","has-post-category","has-post-tag","has-post-comment","has-post-author",""],"jetpack_sharing_enabled":true,"builder_content":"<img src=\"https:\/\/news.med-link.org\/wp-content\/uploads\/2021\/11\/AdobeStock_171568550-scaled.jpeg\" title=\"Project manager looking at AR screen, Gantt chart schedule, planning\" alt=\"Project manager looking at AR screen, Gantt chart schedule, planning\" srcset=\"https:\/\/news.med-link.org\/wp-content\/uploads\/2021\/11\/AdobeStock_171568550-scaled.jpeg 2560w, https:\/\/news.med-link.org\/wp-content\/uploads\/2021\/11\/AdobeStock_171568550-300x200.jpeg 300w, https:\/\/news.med-link.org\/wp-content\/uploads\/2021\/11\/AdobeStock_171568550-1024x683.jpeg 1024w, https:\/\/news.med-link.org\/wp-content\/uploads\/2021\/11\/AdobeStock_171568550-768x512.jpeg 768w, https:\/\/news.med-link.org\/wp-content\/uploads\/2021\/11\/AdobeStock_171568550-1536x1024.jpeg 1536w, https:\/\/news.med-link.org\/wp-content\/uploads\/2021\/11\/AdobeStock_171568550-2048x1365.jpeg 2048w\" sizes=\"(max-width: 2560px) 100vw, 2560px\" \/>\n<p>Die <strong>Einsatzplanung<\/strong> umfasst die folgenden Merkmale:<\/p> <ul> <li>Dienstzeiten<\/li> <li>Manuelle Erstellung von Eins\u00e4tzen<\/li> <li>Automatische Einsatzplannung<\/li> <li>Verwaltung von Kolloquien \/ Pausen<\/li> <\/ul>\n<p>\u00a0<\/p> <ul> <li>Ressourcenzuweisung<\/li> <li>Mitteilung der Planung an den Kunden<\/li> <li>Abwesenheitsmanagement<\/li> <li>Referenzplanung<\/li> <\/ul>\n<p><strong>Alle Artikel, die die Einsatzplanung betreffen:<\/strong><\/p>","_links":{"self":[{"href":"https:\/\/news.med-link.org\/de\/wp-json\/wp\/v2\/pages\/2440","targetHints":{"allow":["GET"]}}],"collection":[{"href":"https:\/\/news.med-link.org\/de\/wp-json\/wp\/v2\/pages"}],"about":[{"href":"https:\/\/news.med-link.org\/de\/wp-json\/wp\/v2\/types\/page"}],"author":[{"embeddable":true,"href":"https:\/\/news.med-link.org\/de\/wp-json\/wp\/v2\/users\/3"}],"replies":[{"embeddable":true,"href":"https:\/\/news.med-link.org\/de\/wp-json\/wp\/v2\/comments?post=2440"}],"version-history":[{"count":5,"href":"https:\/\/news.med-link.org\/de\/wp-json\/wp\/v2\/pages\/2440\/revisions"}],"predecessor-version":[{"id":7854,"href":"https:\/\/news.med-link.org\/de\/wp-json\/wp\/v2\/pages\/2440\/revisions\/7854"}],"up":[{"embeddable":true,"href":"https:\/\/news.med-link.org\/de\/wp-json\/wp\/v2\/pages\/1916"}],"wp:attachment":[{"href":"https:\/\/news.med-link.org\/de\/wp-json\/wp\/v2\/media?parent=2440"}],"curies":[{"name":"wp","href":"https:\/\/api.w.org\/{rel}","templated":true}]}}