{"id":2422,"date":"2020-12-09T18:01:30","date_gmt":"2020-12-09T17:01:30","guid":{"rendered":"https:\/\/news.med-link.org\/domainen\/dossier-client\/"},"modified":"2023-03-06T13:42:25","modified_gmt":"2023-03-06T12:42:25","slug":"kundendaten","status":"publish","type":"page","link":"https:\/\/news.med-link.org\/de\/domainen\/kundendaten\/","title":{"rendered":"Kundendaten"},"content":{"rendered":"<!--themify_builder_content-->\n<div id=\"themify_builder_content-2422\" data-postid=\"2422\" class=\"themify_builder_content themify_builder_content-2422 themify_builder tf_clear\">\n                    <div  data-lazy=\"1\" class=\"module_row themify_builder_row tb_4dnr807 tb_first tf_w\">\n                        <div class=\"row_inner col_align_top tb_col_count_2 tf_box tf_rel\">\n                        <div  data-lazy=\"1\" class=\"module_column tb-column col4-1 tb_he0l809 first\">\n                    <!-- module image -->\n<div  class=\"module module-image tb_sq50457 image-top   tf_mw\" data-lazy=\"1\">\n        <div class=\"image-wrap tf_rel tf_mw\">\n            <img decoding=\"async\" width=\"2560\" height=\"1707\" src=\"https:\/\/news.med-link.org\/wp-content\/uploads\/2021\/11\/AdobeStock_80866280-scaled.jpeg\" class=\"wp-post-image wp-image-2029\" title=\"Business button info icon information sign.\" alt=\"Business button info icon information sign.\" srcset=\"https:\/\/news.med-link.org\/wp-content\/uploads\/2021\/11\/AdobeStock_80866280-scaled.jpeg 2560w, https:\/\/news.med-link.org\/wp-content\/uploads\/2021\/11\/AdobeStock_80866280-300x200.jpeg 300w, https:\/\/news.med-link.org\/wp-content\/uploads\/2021\/11\/AdobeStock_80866280-1024x683.jpeg 1024w, https:\/\/news.med-link.org\/wp-content\/uploads\/2021\/11\/AdobeStock_80866280-768x512.jpeg 768w, https:\/\/news.med-link.org\/wp-content\/uploads\/2021\/11\/AdobeStock_80866280-1536x1024.jpeg 1536w, https:\/\/news.med-link.org\/wp-content\/uploads\/2021\/11\/AdobeStock_80866280-2048x1365.jpeg 2048w\" sizes=\"(max-width: 2560px) 100vw, 2560px\" \/>    \n        <\/div>\n    <!-- \/image-wrap -->\n    \n        <\/div>\n<!-- \/module image -->        <\/div>\n                    <div  data-lazy=\"1\" class=\"module_column tb-column col4-3 tb_0k1s809 last\">\n                            <div  data-lazy=\"1\" class=\"module_subrow themify_builder_sub_row tf_w col_align_top tb_col_count_3 tb_cemb123\">\n                <div  data-lazy=\"1\" class=\"module_column sub_column col3-1 tb_lctq124 first\">\n                    <!-- module text -->\n<div  class=\"module module-text tb_y9me24   \" data-lazy=\"1\">\n        <div  class=\"tb_text_wrap\">\n        <p><strong>Kundentdaten<\/strong> umfassen die folgenden Merkmale:<\/p>\n<ul>\n<li>Administrative Daten<\/li>\n<li>Finanzielle Daten<\/li>\n<li>Mitteilungen<\/li>\n<li>Scannen und Verwalten von Dokumenten (intern, extern)<\/li>\n<li>Netzwerk von Vertrauenspersonen<\/li>\n<li>Zugang f\u00fcr Patienten<\/li>\n<li>Team-Management<\/li>\n<li>Best\u00e4tigte Medikamente<\/li>\n<li>Gesundheits-Checkup<\/li>\n<\/ul>    <\/div>\n<\/div>\n<!-- \/module text -->        <\/div>\n                    <div  data-lazy=\"1\" class=\"module_column sub_column col3-1 tb_npnd203\">\n                    <!-- module text -->\n<div  class=\"module module-text tb_fopl180   \" data-lazy=\"1\">\n        <div  class=\"tb_text_wrap\">\n        <p>\u00a0<\/p>\n<ul>\n<li>Klinische Datei<br \/>\n<ul>\n<li>Vitalzeichen<\/li>\n<li>\u00dcberwachung Medikamentenabgabe (oral \/ s.c.)<\/li>\n<li>Antikoagulation<\/li>\n<li>Mundpflege<\/li>\n<li>Blutzucker<\/li>\n<li>Behandlung Wunde<\/li>\n<li>Schmerzprotokoll<\/li>\n<li>Sauerstoff<\/li>\n<li>Sturzprotokoll<\/li>\n<\/ul>\n<\/li>\n<\/ul>    <\/div>\n<\/div>\n<!-- \/module text -->        <\/div>\n                    <div  data-lazy=\"1\" class=\"module_column sub_column col3-1 tb_9twv633 last\">\n                            <\/div>\n                    <\/div>\n                <\/div>\n                        <\/div>\n        <\/div>\n                        <div  data-lazy=\"1\" class=\"module_row themify_builder_row tb_gamh179 tf_w\">\n                        <div class=\"row_inner col_align_top tb_col_count_1 tf_box tf_rel\">\n                        <div  data-lazy=\"1\" class=\"module_column tb-column col-full tb_lf55180 first\">\n                    <!-- module text -->\n<div  class=\"module module-text tb_z8wy136   \" data-lazy=\"1\">\n        <div  class=\"tb_text_wrap\">\n        <p>\u00a0<\/p>\n<p><strong>Alle Artikel, die die Kundendaten betreffen:<\/strong><\/p>    <\/div>\n<\/div>\n<!-- \/module text -->        <\/div>\n                        <\/div>\n        <\/div>\n                        <div  data-lazy=\"1\" class=\"module_row themify_builder_row tb_thb7140 tf_w\">\n                        <div class=\"row_inner col_align_top tb_col_count_1 tf_box tf_rel\">\n                        <div  data-lazy=\"1\" class=\"module_column tb-column col-full tb_r0w0140 first\">\n                    <!-- module post -->\n<div  class=\"module module-post tb_bg4z855 \">\n    <div  class=\"builder-posts-wrap loops-wrapper grid4 classic tf_clear tf_clearfix\" data-lazy=\"1\">\n    <article id=\"post-16509\" class=\"post tf_clearfix post-16509 type-post status-publish format-standard has-post-thumbnail hentry category-klientendossier-de category-verbesserungen-2026-04-08 has-post-title no-post-date has-post-category has-post-tag has-post-comment has-post-author \">\n\t    \n\t                <figure class=\"post-image tf_clearfix\">\n                                                            <a href=\"https:\/\/news.med-link.org\/de\/navigation-untermenues-dynamisch-schnell-und-intuitiv\/\">\n                                        <img decoding=\"async\" width=\"605\" height=\"605\" src=\"https:\/\/news.med-link.org\/wp-content\/uploads\/2026\/04\/Image1.jpg\" class=\"wp-post-image wp-image-16705\" title=\"Image1\" alt=\"Image1\" srcset=\"https:\/\/news.med-link.org\/wp-content\/uploads\/2026\/04\/Image1.jpg 605w, https:\/\/news.med-link.org\/wp-content\/uploads\/2026\/04\/Image1-300x300.jpg 300w, https:\/\/news.med-link.org\/wp-content\/uploads\/2026\/04\/Image1-150x150.jpg 150w\" sizes=\"(max-width: 605px) 100vw, 605px\" \/>                                                                    <\/a>\n                                                                <\/figure>\n                    \t<div class=\"post-content\">\n\t\t<div class=\"post-content-inner\">\n\n\t\t\t\n\t\t\t<h2 class=\"post-title entry-title\"><a href=\"https:\/\/news.med-link.org\/de\/navigation-untermenues-dynamisch-schnell-und-intuitiv\/\">Navigation &amp; Untermen\u00fcs: dynamisch, schnell und intuitiv<\/a><\/h2>\n\t\t\t\t\t\t\t<p class=\"post-meta entry-meta\">\n\t\t\t\t\t\t\t\t\t\t\t<span class=\"post-author\"><span class=\"author vcard\"><a class=\"url fn n\" href=\"https:\/\/news.med-link.org\/de\/author\/julia\/\" rel=\"author\">Julia Weingarten<\/a><\/span><\/span>\n\t\t\t\t\t\n\t\t\t\t\t<span class=\"post-category\"><a href=\"https:\/\/news.med-link.org\/de\/cat\/domain-de\/klientendossier-de\/\" rel=\"tag\" class=\"term-klientendossier-de\">Klientendossier<\/a><span class=\"separator\">, <\/span><a href=\"https:\/\/news.med-link.org\/de\/cat\/verbesserungen-2026-04-08\/\" rel=\"tag\" class=\"term-verbesserungen-2026-04-08\">Verbesserungen - 2026-04-08<\/a><\/span>\n\t\t\t\t\t\t\t\t\t\t\t\t\t\t\t\t\n\t\t\t\t\t\t\t\t\t<\/p>\n\t\t\t\t<!-- \/post-meta -->\n\t\t\t\n\t\t\t\n\t\t\t        <div class=\"entry-content\">\n\n        \n            <p>Die neue Navigationsleiste b\u00fcndelt Schnellzugriffe, Berichte und s\u00e4mtliche Untermen\u00fcs in einem einzigen vertikalen Bereich &#8211; zentraler Zugriff, schnell und angenehm im t\u00e4glichen Gebrauch. <\/p>\n\n                \n            \n        <\/div><!-- \/.entry-content -->\n        \n\t\t<\/div>\n\t\t<!-- \/.post-content-inner -->\n\t<\/div>\n\t<!-- \/.post-content -->\n\t\n<\/article>\n<!-- \/.post -->\n<article id=\"post-15465\" class=\"post tf_clearfix post-15465 type-post status-publish format-standard has-post-thumbnail hentry category-klientendossier-de category-verbesserungen-2026-02-11 has-post-title no-post-date has-post-category has-post-tag has-post-comment has-post-author \">\n\t    \n\t                <figure class=\"post-image tf_clearfix\">\n                                                            <a href=\"https:\/\/news.med-link.org\/de\/zero-clic-inutile-navigation-simplifiee-pour-les-proches-aidants\/\">\n                                        <img decoding=\"async\" width=\"1024\" height=\"1024\" src=\"https:\/\/news.med-link.org\/wp-content\/uploads\/2026\/02\/38ef7fd9-1b60-4e15-986d-2e9c5ebf412d.jpg\" class=\"wp-post-image wp-image-15382\" title=\"38ef7fd9-1b60-4e15-986d-2e9c5ebf412d\" alt=\"38ef7fd9-1b60-4e15-986d-2e9c5ebf412d\" srcset=\"https:\/\/news.med-link.org\/wp-content\/uploads\/2026\/02\/38ef7fd9-1b60-4e15-986d-2e9c5ebf412d.jpg 1024w, https:\/\/news.med-link.org\/wp-content\/uploads\/2026\/02\/38ef7fd9-1b60-4e15-986d-2e9c5ebf412d-300x300.jpg 300w, https:\/\/news.med-link.org\/wp-content\/uploads\/2026\/02\/38ef7fd9-1b60-4e15-986d-2e9c5ebf412d-150x150.jpg 150w, https:\/\/news.med-link.org\/wp-content\/uploads\/2026\/02\/38ef7fd9-1b60-4e15-986d-2e9c5ebf412d-768x768.jpg 768w, https:\/\/news.med-link.org\/wp-content\/uploads\/2026\/02\/38ef7fd9-1b60-4e15-986d-2e9c5ebf412d-47x48.jpg 47w\" sizes=\"(max-width: 1024px) 100vw, 1024px\" \/>                                                                    <\/a>\n                                                                <\/figure>\n                    \t<div class=\"post-content\">\n\t\t<div class=\"post-content-inner\">\n\n\t\t\t\n\t\t\t<h2 class=\"post-title entry-title\"><a href=\"https:\/\/news.med-link.org\/de\/zero-clic-inutile-navigation-simplifiee-pour-les-proches-aidants\/\">Keine unn\u00f6tigen Klicks. Vereinfachte Navigation f\u00fcr pflegende Angeh\u00f6rige.\u00a0 \u00a0\u00a0<\/a><\/h2>\n\t\t\t\t\t\t\t<p class=\"post-meta entry-meta\">\n\t\t\t\t\t\t\t\t\t\t\t<span class=\"post-author\"><span class=\"author vcard\"><a class=\"url fn n\" href=\"https:\/\/news.med-link.org\/de\/author\/julia\/\" rel=\"author\">Julia Weingarten<\/a><\/span><\/span>\n\t\t\t\t\t\n\t\t\t\t\t<span class=\"post-category\"><a href=\"https:\/\/news.med-link.org\/de\/cat\/domain-de\/klientendossier-de\/\" rel=\"tag\" class=\"term-klientendossier-de\">Klientendossier<\/a><span class=\"separator\">, <\/span><a href=\"https:\/\/news.med-link.org\/de\/cat\/2026-02-11\/verbesserungen-2026-02-11\/\" rel=\"tag\" class=\"term-verbesserungen-2026-02-11\">Verbesserungen - 2026-02-11<\/a><\/span>\n\t\t\t\t\t\t\t\t\t\t\t\t\t\t\t\t\n\t\t\t\t\t\t\t\t\t<\/p>\n\t\t\t\t<!-- \/post-meta -->\n\t\t\t\n\t\t\t\n\t\t\t        <div class=\"entry-content\">\n\n        \n            <p>Die Pflege steht an erster Stelle. Die Technologie darf unterst\u00fctzen. MedLink erleichtert den Zugang zum Wesentlichen, damit sich pflegende Angeh\u00f6rige auf das konzentrieren k\u00f6nnen, was wirklich z\u00e4hlt.<\/p>\n\n                \n            \n        <\/div><!-- \/.entry-content -->\n        \n\t\t<\/div>\n\t\t<!-- \/.post-content-inner -->\n\t<\/div>\n\t<!-- \/.post-content -->\n\t\n<\/article>\n<!-- \/.post -->\n<article id=\"post-15227\" class=\"post tf_clearfix post-15227 type-post status-publish format-standard has-post-thumbnail hentry category-klientendossier-de category-verbesserungen-2026-01-28 has-post-title no-post-date has-post-category has-post-tag has-post-comment has-post-author \">\n\t    \n\t                <figure class=\"post-image tf_clearfix\">\n                                                            <a href=\"https:\/\/news.med-link.org\/de\/la-biographie-du-client-un-repere-essentiel-dans-le-dossier\/\">\n                                        <img decoding=\"async\" width=\"1024\" height=\"1024\" src=\"https:\/\/news.med-link.org\/wp-content\/uploads\/2026\/01\/a2b4031f-e0a8-4789-ab77-04fa0ac07db8.jpg\" class=\"wp-post-image wp-image-15049\" title=\"a2b4031f-e0a8-4789-ab77-04fa0ac07db8\" alt=\"a2b4031f-e0a8-4789-ab77-04fa0ac07db8\" srcset=\"https:\/\/news.med-link.org\/wp-content\/uploads\/2026\/01\/a2b4031f-e0a8-4789-ab77-04fa0ac07db8.jpg 1024w, https:\/\/news.med-link.org\/wp-content\/uploads\/2026\/01\/a2b4031f-e0a8-4789-ab77-04fa0ac07db8-300x300.jpg 300w, https:\/\/news.med-link.org\/wp-content\/uploads\/2026\/01\/a2b4031f-e0a8-4789-ab77-04fa0ac07db8-150x150.jpg 150w, https:\/\/news.med-link.org\/wp-content\/uploads\/2026\/01\/a2b4031f-e0a8-4789-ab77-04fa0ac07db8-768x768.jpg 768w, https:\/\/news.med-link.org\/wp-content\/uploads\/2026\/01\/a2b4031f-e0a8-4789-ab77-04fa0ac07db8-47x48.jpg 47w\" sizes=\"(max-width: 1024px) 100vw, 1024px\" \/>                                                                    <\/a>\n                                                                <\/figure>\n                    \t<div class=\"post-content\">\n\t\t<div class=\"post-content-inner\">\n\n\t\t\t\n\t\t\t<h2 class=\"post-title entry-title\"><a href=\"https:\/\/news.med-link.org\/de\/la-biographie-du-client-un-repere-essentiel-dans-le-dossier\/\">Die Biografie des Klienten, ein wichtiger Anhaltspunkt zur Orientierung<\/a><\/h2>\n\t\t\t\t\t\t\t<p class=\"post-meta entry-meta\">\n\t\t\t\t\t\t\t\t\t\t\t<span class=\"post-author\"><span class=\"author vcard\"><a class=\"url fn n\" href=\"https:\/\/news.med-link.org\/de\/author\/emeric\/\" rel=\"author\">Emeric Debionne<\/a><\/span><\/span>\n\t\t\t\t\t\n\t\t\t\t\t<span class=\"post-category\"><a href=\"https:\/\/news.med-link.org\/de\/cat\/domain-de\/klientendossier-de\/\" rel=\"tag\" class=\"term-klientendossier-de\">Klientendossier<\/a><span class=\"separator\">, <\/span><a href=\"https:\/\/news.med-link.org\/de\/cat\/2026-01-28-3\/verbesserungen-2026-01-28\/\" rel=\"tag\" class=\"term-verbesserungen-2026-01-28\">Verbesserungen - 2026-01-28<\/a><\/span>\n\t\t\t\t\t\t\t\t\t\t\t\t\t\t\t\t\n\t\t\t\t\t\t\t\t\t<\/p>\n\t\t\t\t<!-- \/post-meta -->\n\t\t\t\n\t\t\t\n\t\t\t        <div class=\"entry-content\">\n\n        \n            <p>Je besser wir die Geschichte einer Person kennen, desto menschlicher k\u00f6nnen wir sie begleiten.<br \/>\nMit einer klaren Dokumentation schafft MedLink daf\u00fcr die Grundlage:<br \/>\nDer Bereich der administrativen Daten wird &#8211; wie schon angek\u00fcndigt &#8211; zum Klientendossier, die medizinischen und pflegerischen Informationen werden neu angepasst.<\/p>\n\n                \n            \n        <\/div><!-- \/.entry-content -->\n        \n\t\t<\/div>\n\t\t<!-- \/.post-content-inner -->\n\t<\/div>\n\t<!-- \/.post-content -->\n\t\n<\/article>\n<!-- \/.post -->\n<article id=\"post-14787\" class=\"post tf_clearfix post-14787 type-post status-publish format-standard has-post-thumbnail hentry category-klientendossier-de category-verbesserungen-2026-01-14 has-post-title no-post-date has-post-category has-post-tag has-post-comment has-post-author \">\n\t    \n\t                <figure class=\"post-image tf_clearfix\">\n                                                            <a href=\"https:\/\/news.med-link.org\/de\/prochainement-evolution-du-dossier-client-et-des-informations-medico-sociales\/\">\n                                        <img decoding=\"async\" width=\"1005\" height=\"676\" src=\"https:\/\/news.med-link.org\/wp-content\/uploads\/2026\/01\/T176771_001.jpg\" class=\"wp-post-image wp-image-14732\" title=\"T176771_001\" alt=\"T176771_001\" srcset=\"https:\/\/news.med-link.org\/wp-content\/uploads\/2026\/01\/T176771_001.jpg 1005w, https:\/\/news.med-link.org\/wp-content\/uploads\/2026\/01\/T176771_001-300x202.jpg 300w, https:\/\/news.med-link.org\/wp-content\/uploads\/2026\/01\/T176771_001-768x517.jpg 768w\" sizes=\"(max-width: 1005px) 100vw, 1005px\" \/>                                                                    <\/a>\n                                                                <\/figure>\n                    \t<div class=\"post-content\">\n\t\t<div class=\"post-content-inner\">\n\n\t\t\t\n\t\t\t<h2 class=\"post-title entry-title\"><a href=\"https:\/\/news.med-link.org\/de\/prochainement-evolution-du-dossier-client-et-des-informations-medico-sociales\/\">Schon bald: Neubenennung der Klientenakte und Optimierung der medizinischen, pflegerischen Informationen<\/a><\/h2>\n\t\t\t\t\t\t\t<p class=\"post-meta entry-meta\">\n\t\t\t\t\t\t\t\t\t\t\t<span class=\"post-author\"><span class=\"author vcard\"><a class=\"url fn n\" href=\"https:\/\/news.med-link.org\/de\/author\/julia\/\" rel=\"author\">Julia Weingarten<\/a><\/span><\/span>\n\t\t\t\t\t\n\t\t\t\t\t<span class=\"post-category\"><a href=\"https:\/\/news.med-link.org\/de\/cat\/domain-de\/klientendossier-de\/\" rel=\"tag\" class=\"term-klientendossier-de\">Klientendossier<\/a><span class=\"separator\">, <\/span><a href=\"https:\/\/news.med-link.org\/de\/cat\/2026-01-14\/verbesserungen-2026-01-14\/\" rel=\"tag\" class=\"term-verbesserungen-2026-01-14\">Verbesserungen - 2026-01-14<\/a><\/span>\n\t\t\t\t\t\t\t\t\t\t\t\t\t\t\t\t\n\t\t\t\t\t\t\t\t\t<\/p>\n\t\t\t\t<!-- \/post-meta -->\n\t\t\t\n\t\t\t\n\t\t\t        <div class=\"entry-content\">\n\n        \n            <p>Die administrativen Daten auf \u00fcbergeordneter Ebene werden k\u00fcnftig unter dem Begriff Klientendossier gef\u00fchrt. Gleichzeitig wird die Darstellung der medizinischen, pflegerischen Informationen \u00fcberarbeitet, um eine klarere Struktur, eine intuitivere Navigation und einen direkten Zugriff auf die im Alltag relevanten Daten zu erm\u00f6glichen. Die Einf\u00fchrung ist in den kommenden Wochen geplant.<\/p>\n\n                \n            \n        <\/div><!-- \/.entry-content -->\n        \n\t\t<\/div>\n\t\t<!-- \/.post-content-inner -->\n\t<\/div>\n\t<!-- \/.post-content -->\n\t\n<\/article>\n<!-- \/.post -->\n    <\/div><!-- .builder-posts-wrap -->\n            <\/div>\n<!-- \/module post -->\n            <\/div>\n                        <\/div>\n        <\/div>\n        <\/div>\n<!--\/themify_builder_content-->","protected":false},"excerpt":{"rendered":"<p>Kundentdaten umfassen die folgenden Merkmale: Administrative Daten Finanzielle Daten Mitteilungen Scannen und Verwalten von Dokumenten (intern, extern) Netzwerk von Vertrauenspersonen Zugang f\u00fcr Patienten Team-Management Best\u00e4tigte Medikamente Gesundheits-Checkup<\/p>\n","protected":false},"author":3,"featured_media":0,"parent":1916,"menu_order":0,"comment_status":"closed","ping_status":"closed","template":"","meta":{"advanced_seo_description":"","jetpack_seo_html_title":"","jetpack_seo_noindex":false,"footnotes":""},"class_list":["post-2422","page","type-page","status-publish","hentry","has-post-title","has-post-date","has-post-category","has-post-tag","has-post-comment","has-post-author",""],"jetpack_sharing_enabled":true,"builder_content":"<img src=\"https:\/\/news.med-link.org\/wp-content\/uploads\/2021\/11\/AdobeStock_80866280-scaled.jpeg\" title=\"Business button info icon information sign.\" alt=\"Business button info icon information sign.\" srcset=\"https:\/\/news.med-link.org\/wp-content\/uploads\/2021\/11\/AdobeStock_80866280-scaled.jpeg 2560w, https:\/\/news.med-link.org\/wp-content\/uploads\/2021\/11\/AdobeStock_80866280-300x200.jpeg 300w, https:\/\/news.med-link.org\/wp-content\/uploads\/2021\/11\/AdobeStock_80866280-1024x683.jpeg 1024w, https:\/\/news.med-link.org\/wp-content\/uploads\/2021\/11\/AdobeStock_80866280-768x512.jpeg 768w, https:\/\/news.med-link.org\/wp-content\/uploads\/2021\/11\/AdobeStock_80866280-1536x1024.jpeg 1536w, https:\/\/news.med-link.org\/wp-content\/uploads\/2021\/11\/AdobeStock_80866280-2048x1365.jpeg 2048w\" sizes=\"(max-width: 2560px) 100vw, 2560px\" \/>\n<p><strong>Kundentdaten<\/strong> umfassen die folgenden Merkmale:<\/p> <ul> <li>Administrative Daten<\/li> <li>Finanzielle Daten<\/li> <li>Mitteilungen<\/li> <li>Scannen und Verwalten von Dokumenten (intern, extern)<\/li> <li>Netzwerk von Vertrauenspersonen<\/li> <li>Zugang f\u00fcr Patienten<\/li> <li>Team-Management<\/li> <li>Best\u00e4tigte Medikamente<\/li> <li>Gesundheits-Checkup<\/li> <\/ul>\n<p>\u00a0<\/p> <ul> <li>Klinische Datei<br \/> <ul> <li>Vitalzeichen<\/li> <li>\u00dcberwachung Medikamentenabgabe (oral \/ s.c.)<\/li> <li>Antikoagulation<\/li> <li>Mundpflege<\/li> <li>Blutzucker<\/li> <li>Behandlung Wunde<\/li> <li>Schmerzprotokoll<\/li> <li>Sauerstoff<\/li> <li>Sturzprotokoll<\/li> <\/ul> <\/li> <\/ul>\n<p>\u00a0<\/p> <p><strong>Alle Artikel, die die Kundendaten betreffen:<\/strong><\/p>","_links":{"self":[{"href":"https:\/\/news.med-link.org\/de\/wp-json\/wp\/v2\/pages\/2422","targetHints":{"allow":["GET"]}}],"collection":[{"href":"https:\/\/news.med-link.org\/de\/wp-json\/wp\/v2\/pages"}],"about":[{"href":"https:\/\/news.med-link.org\/de\/wp-json\/wp\/v2\/types\/page"}],"author":[{"embeddable":true,"href":"https:\/\/news.med-link.org\/de\/wp-json\/wp\/v2\/users\/3"}],"replies":[{"embeddable":true,"href":"https:\/\/news.med-link.org\/de\/wp-json\/wp\/v2\/comments?post=2422"}],"version-history":[{"count":7,"href":"https:\/\/news.med-link.org\/de\/wp-json\/wp\/v2\/pages\/2422\/revisions"}],"predecessor-version":[{"id":7853,"href":"https:\/\/news.med-link.org\/de\/wp-json\/wp\/v2\/pages\/2422\/revisions\/7853"}],"up":[{"embeddable":true,"href":"https:\/\/news.med-link.org\/de\/wp-json\/wp\/v2\/pages\/1916"}],"wp:attachment":[{"href":"https:\/\/news.med-link.org\/de\/wp-json\/wp\/v2\/media?parent=2422"}],"curies":[{"name":"wp","href":"https:\/\/api.w.org\/{rel}","templated":true}]}}