{"id":2380,"date":"2020-12-09T18:02:47","date_gmt":"2020-12-09T17:02:47","guid":{"rendered":"https:\/\/news.med-link.org\/domainen\/prise-en-charge\/"},"modified":"2023-09-26T13:23:08","modified_gmt":"2023-09-26T11:23:08","slug":"prise-en-charge","status":"publish","type":"page","link":"https:\/\/news.med-link.org\/de\/domainen\/prise-en-charge\/","title":{"rendered":"Pflegeaufnahme"},"content":{"rendered":"<!--themify_builder_content-->\n<div id=\"themify_builder_content-2380\" data-postid=\"2380\" class=\"themify_builder_content themify_builder_content-2380 themify_builder tf_clear\">\n                    <div  data-lazy=\"1\" class=\"module_row themify_builder_row tb_4dnr807 tb_first tf_w\">\n                        <div class=\"row_inner col_align_top tb_col_count_2 tf_box tf_rel\">\n                        <div  data-lazy=\"1\" class=\"module_column tb-column col4-1 tb_he0l809 first\">\n                    <!-- module image -->\n<div  class=\"module module-image tb_sq50457 image-top   tf_mw\" data-lazy=\"1\">\n        <div class=\"image-wrap tf_rel tf_mw\">\n            <img decoding=\"async\" width=\"2488\" height=\"1659\" src=\"https:\/\/news.med-link.org\/wp-content\/uploads\/2021\/11\/AdobeStock_226366304-e1603378414343.jpeg\" class=\"wp-post-image wp-image-2074\" title=\"Job rotation concept\" alt=\"Job rotation concept\" srcset=\"https:\/\/news.med-link.org\/wp-content\/uploads\/2021\/11\/AdobeStock_226366304-e1603378414343.jpeg 2488w, https:\/\/news.med-link.org\/wp-content\/uploads\/2021\/11\/AdobeStock_226366304-e1603378414343-300x200.jpeg 300w, https:\/\/news.med-link.org\/wp-content\/uploads\/2021\/11\/AdobeStock_226366304-e1603378414343-1024x683.jpeg 1024w, https:\/\/news.med-link.org\/wp-content\/uploads\/2021\/11\/AdobeStock_226366304-e1603378414343-768x512.jpeg 768w, https:\/\/news.med-link.org\/wp-content\/uploads\/2021\/11\/AdobeStock_226366304-e1603378414343-1536x1024.jpeg 1536w, https:\/\/news.med-link.org\/wp-content\/uploads\/2021\/11\/AdobeStock_226366304-e1603378414343-2048x1366.jpeg 2048w\" sizes=\"(max-width: 2488px) 100vw, 2488px\" \/>    \n        <\/div>\n    <!-- \/image-wrap -->\n    \n        <\/div>\n<!-- \/module image -->        <\/div>\n                    <div  data-lazy=\"1\" class=\"module_column tb-column col4-3 tb_0k1s809 last\">\n                            <div  data-lazy=\"1\" class=\"module_subrow themify_builder_sub_row tf_w col_align_top tb_col_count_3 tb_cemb123\">\n                <div  data-lazy=\"1\" class=\"module_column sub_column col3-1 tb_lctq124 first\">\n                    <!-- module text -->\n<div  class=\"module module-text tb_y9me24   \" data-lazy=\"1\">\n        <div  class=\"tb_text_wrap\">\n        <p>Die <span lang=\"de-CH\"><strong>Pflegeaufnahme<\/strong> <\/span>umfasst die folgenden Merkmale:\u00a0\u00a0<\/p>\n<ul>\n<li>InterRAI Abkl\u00e4rung<\/li>\n<li>Korb<\/li>\n<li>Mandate<\/li>\n<\/ul>    <\/div>\n<\/div>\n<!-- \/module text -->        <\/div>\n                    <div  data-lazy=\"1\" class=\"module_column sub_column col3-1 tb_npnd203\">\n                    <!-- module text -->\n<div  class=\"module module-text tb_fopl180   \" data-lazy=\"1\">\n        <div  class=\"tb_text_wrap\">\n        <p><br \/><br \/><\/p>\n<ul>\n<li>KLV<\/li>\n<li>Statistiken<\/li>\n<\/ul>    <\/div>\n<\/div>\n<!-- \/module text -->        <\/div>\n                    <div  data-lazy=\"1\" class=\"module_column sub_column col3-1 tb_9twv633 last\">\n                            <\/div>\n                    <\/div>\n                <\/div>\n                        <\/div>\n        <\/div>\n                        <div  data-lazy=\"1\" class=\"module_row themify_builder_row tb_gamh179 tf_w\">\n                        <div class=\"row_inner col_align_top tb_col_count_1 tf_box tf_rel\">\n                        <div  data-lazy=\"1\" class=\"module_column tb-column col-full tb_lf55180 first\">\n                    <!-- module text -->\n<div  class=\"module module-text tb_z8wy136   \" data-lazy=\"1\">\n        <div  class=\"tb_text_wrap\">\n        <p>\u00a0<\/p>\n<p><strong>\u00a0Alle Berichte zum Thema Betreuung:<\/strong><\/p>    <\/div>\n<\/div>\n<!-- \/module text -->        <\/div>\n                        <\/div>\n        <\/div>\n                        <div  data-lazy=\"1\" class=\"module_row themify_builder_row tb_thb7140 tf_w\">\n                        <div class=\"row_inner col_align_top tb_col_count_1 tf_box tf_rel\">\n                        <div  data-lazy=\"1\" class=\"module_column tb-column col-full tb_r0w0140 first\">\n                    <!-- module post -->\n<div  class=\"module module-post tb_bg4z855 \">\n    <div  class=\"builder-posts-wrap loops-wrapper grid4 classic tf_clear tf_clearfix\" data-lazy=\"1\">\n    <article id=\"post-16058\" class=\"post tf_clearfix post-16058 type-post status-publish format-standard has-post-thumbnail hentry category-betreuung-und-pflege category-verbesserungen-2026-03-25 has-post-title no-post-date has-post-category has-post-tag has-post-comment has-post-author \">\n\t    \n\t                <figure class=\"post-image tf_clearfix\">\n                                                            <a href=\"https:\/\/news.med-link.org\/de\/le-suivi-des-chutes-evolue-pour-plus-de-clarte\/\">\n                                        <img decoding=\"async\" width=\"812\" height=\"812\" src=\"https:\/\/news.med-link.org\/wp-content\/uploads\/2026\/03\/T18002_001.jpg\" class=\"wp-post-image wp-image-15961\" title=\"T18002_001\" alt=\"T18002_001\" srcset=\"https:\/\/news.med-link.org\/wp-content\/uploads\/2026\/03\/T18002_001.jpg 812w, https:\/\/news.med-link.org\/wp-content\/uploads\/2026\/03\/T18002_001-300x300.jpg 300w, https:\/\/news.med-link.org\/wp-content\/uploads\/2026\/03\/T18002_001-150x150.jpg 150w, https:\/\/news.med-link.org\/wp-content\/uploads\/2026\/03\/T18002_001-768x768.jpg 768w\" sizes=\"(max-width: 812px) 100vw, 812px\" \/>                                                                    <\/a>\n                                                                <\/figure>\n                    \t<div class=\"post-content\">\n\t\t<div class=\"post-content-inner\">\n\n\t\t\t\n\t\t\t<h2 class=\"post-title entry-title\"><a href=\"https:\/\/news.med-link.org\/de\/le-suivi-des-chutes-evolue-pour-plus-de-clarte\/\">Mehr Klarheit bei der Erfassung von St\u00fcrzen<\/a><\/h2>\n\t\t\t\t\t\t\t<p class=\"post-meta entry-meta\">\n\t\t\t\t\t\t\t\t\t\t\t<span class=\"post-author\"><span class=\"author vcard\"><a class=\"url fn n\" href=\"https:\/\/news.med-link.org\/de\/author\/julia\/\" rel=\"author\">Julia Weingarten<\/a><\/span><\/span>\n\t\t\t\t\t\n\t\t\t\t\t<span class=\"post-category\"><a href=\"https:\/\/news.med-link.org\/de\/cat\/domain-de\/betreuung-und-pflege\/\" rel=\"tag\" class=\"term-betreuung-und-pflege\">Betreuung und Pflege<\/a><span class=\"separator\">, <\/span><a href=\"https:\/\/news.med-link.org\/de\/cat\/verbesserungen-2026-03-25\/\" rel=\"tag\" class=\"term-verbesserungen-2026-03-25\">Verbesserungen - 2026-03-25<\/a><\/span>\n\t\t\t\t\t\t\t\t\t\t\t\t\t\t\t\t\n\t\t\t\t\t\t\t\t\t<\/p>\n\t\t\t\t<!-- \/post-meta -->\n\t\t\t\n\t\t\t\n\t\t\t        <div class=\"entry-content\">\n\n        \n            <p>Die Sturzpr\u00e4vention ist ein zentrales Thema bei der h\u00e4uslichen Pflege. MedLink wird in K\u00fcrze einen strukturierten, klaren und gezielt auf die Praxis abgestimmten Ansatz einf\u00fchren, um diesen Prozess sp\u00fcrbar zu vereinfachen.<\/p>\n\n                \n            \n        <\/div><!-- \/.entry-content -->\n        \n\t\t<\/div>\n\t\t<!-- \/.post-content-inner -->\n\t<\/div>\n\t<!-- \/.post-content -->\n\t\n<\/article>\n<!-- \/.post -->\n<article id=\"post-16072\" class=\"post tf_clearfix post-16072 type-post status-publish format-standard has-post-thumbnail hentry category-betreuung-und-pflege category-verbesserungen-2026-03-25 has-post-title no-post-date has-post-category has-post-tag has-post-comment has-post-author \">\n\t    \n\t                <figure class=\"post-image tf_clearfix\">\n                                                            <a href=\"https:\/\/news.med-link.org\/de\/donnees-pandemiques-lessentiel-au-bon-moment\/\">\n                                        <img decoding=\"async\" width=\"357\" height=\"357\" src=\"https:\/\/news.med-link.org\/wp-content\/uploads\/2026\/03\/T18004_001.png\" class=\"wp-post-image wp-image-15964\" title=\"T18004_001\" alt=\"T18004_001\" srcset=\"https:\/\/news.med-link.org\/wp-content\/uploads\/2026\/03\/T18004_001.png 357w, https:\/\/news.med-link.org\/wp-content\/uploads\/2026\/03\/T18004_001-300x300.png 300w, https:\/\/news.med-link.org\/wp-content\/uploads\/2026\/03\/T18004_001-150x150.png 150w\" sizes=\"(max-width: 357px) 100vw, 357px\" \/>                                                                    <\/a>\n                                                                <\/figure>\n                    \t<div class=\"post-content\">\n\t\t<div class=\"post-content-inner\">\n\n\t\t\t\n\t\t\t<h2 class=\"post-title entry-title\"><a href=\"https:\/\/news.med-link.org\/de\/donnees-pandemiques-lessentiel-au-bon-moment\/\">Pandemie-Daten: Klar. Relevant. Zum richtigen Zeitpunkt.<\/a><\/h2>\n\t\t\t\t\t\t\t<p class=\"post-meta entry-meta\">\n\t\t\t\t\t\t\t\t\t\t\t<span class=\"post-author\"><span class=\"author vcard\"><a class=\"url fn n\" href=\"https:\/\/news.med-link.org\/de\/author\/julia\/\" rel=\"author\">Julia Weingarten<\/a><\/span><\/span>\n\t\t\t\t\t\n\t\t\t\t\t<span class=\"post-category\"><a href=\"https:\/\/news.med-link.org\/de\/cat\/domain-de\/betreuung-und-pflege\/\" rel=\"tag\" class=\"term-betreuung-und-pflege\">Betreuung und Pflege<\/a><span class=\"separator\">, <\/span><a href=\"https:\/\/news.med-link.org\/de\/cat\/verbesserungen-2026-03-25\/\" rel=\"tag\" class=\"term-verbesserungen-2026-03-25\">Verbesserungen - 2026-03-25<\/a><\/span>\n\t\t\t\t\t\t\t\t\t\t\t\t\t\t\t\t\n\t\t\t\t\t\t\t\t\t<\/p>\n\t\t\t\t<!-- \/post-meta -->\n\t\t\t\n\t\t\t\n\t\t\t        <div class=\"entry-content\">\n\n        \n            <p>MedLink optimiert die Darstellung der Pandemiedaten in den Berichten. Die wichtigsten Informationen werden gezielt hervorgehoben, damit Sie jederzeit auf dem neuesten Stand sind.<\/p>\n\n                \n            \n        <\/div><!-- \/.entry-content -->\n        \n\t\t<\/div>\n\t\t<!-- \/.post-content-inner -->\n\t<\/div>\n\t<!-- \/.post-content -->\n\t\n<\/article>\n<!-- \/.post -->\n<article id=\"post-16090\" class=\"post tf_clearfix post-16090 type-post status-publish format-standard has-post-thumbnail hentry category-betreuung-und-pflege category-verbesserungen-2026-03-25 has-post-title no-post-date has-post-category has-post-tag has-post-comment has-post-author \">\n\t    \n\t                <figure class=\"post-image tf_clearfix\">\n                                                            <a href=\"https:\/\/news.med-link.org\/de\/des-listes-plus-rapides-grace-au-filtrage-intelligent\/\">\n                                        <img decoding=\"async\" width=\"530\" height=\"532\" src=\"https:\/\/news.med-link.org\/wp-content\/uploads\/2026\/03\/T17996_001.jpg\" class=\"wp-post-image wp-image-15958\" title=\"T17996_001\" alt=\"T17996_001\" srcset=\"https:\/\/news.med-link.org\/wp-content\/uploads\/2026\/03\/T17996_001.jpg 530w, https:\/\/news.med-link.org\/wp-content\/uploads\/2026\/03\/T17996_001-300x300.jpg 300w, https:\/\/news.med-link.org\/wp-content\/uploads\/2026\/03\/T17996_001-150x150.jpg 150w\" sizes=\"(max-width: 530px) 100vw, 530px\" \/>                                                                    <\/a>\n                                                                <\/figure>\n                    \t<div class=\"post-content\">\n\t\t<div class=\"post-content-inner\">\n\n\t\t\t\n\t\t\t<h2 class=\"post-title entry-title\"><a href=\"https:\/\/news.med-link.org\/de\/des-listes-plus-rapides-grace-au-filtrage-intelligent\/\">Schnelle Listen dank intelligenter Filterung<\/a><\/h2>\n\t\t\t\t\t\t\t<p class=\"post-meta entry-meta\">\n\t\t\t\t\t\t\t\t\t\t\t<span class=\"post-author\"><span class=\"author vcard\"><a class=\"url fn n\" href=\"https:\/\/news.med-link.org\/de\/author\/julia\/\" rel=\"author\">Julia Weingarten<\/a><\/span><\/span>\n\t\t\t\t\t\n\t\t\t\t\t<span class=\"post-category\"><a href=\"https:\/\/news.med-link.org\/de\/cat\/domain-de\/betreuung-und-pflege\/\" rel=\"tag\" class=\"term-betreuung-und-pflege\">Betreuung und Pflege<\/a><span class=\"separator\">, <\/span><a href=\"https:\/\/news.med-link.org\/de\/cat\/verbesserungen-2026-03-25\/\" rel=\"tag\" class=\"term-verbesserungen-2026-03-25\">Verbesserungen - 2026-03-25<\/a><\/span>\n\t\t\t\t\t\t\t\t\t\t\t\t\t\t\t\t\n\t\t\t\t\t\t\t\t\t<\/p>\n\t\t\t\t<!-- \/post-meta -->\n\t\t\t\n\t\t\t\n\t\t\t        <div class=\"entry-content\">\n\n        \n            <p>Gezielte Datenauswahl verbessert den Zugriff auf Informationen \u2013 f\u00fcr mehr Leistung und einen erh\u00f6hten Komfort in der Handhabe. <\/p>\n\n                \n            \n        <\/div><!-- \/.entry-content -->\n        \n\t\t<\/div>\n\t\t<!-- \/.post-content-inner -->\n\t<\/div>\n\t<!-- \/.post-content -->\n\t\n<\/article>\n<!-- \/.post -->\n<article id=\"post-16118\" class=\"post tf_clearfix post-16118 type-post status-publish format-standard has-post-thumbnail hentry category-betreuung-und-pflege category-verbesserungen-2026-03-25 has-post-title no-post-date has-post-category has-post-tag has-post-comment has-post-author \">\n\t    \n\t                <figure class=\"post-image tf_clearfix\">\n                                                            <a href=\"https:\/\/news.med-link.org\/de\/plan-du-jour-mise-en-valeur-des-informations-clefs\/\">\n                                        <img decoding=\"async\" width=\"750\" height=\"750\" src=\"https:\/\/news.med-link.org\/wp-content\/uploads\/2026\/03\/T17552_001.jpg\" class=\"wp-post-image wp-image-15952\" title=\"T17552_001\" alt=\"T17552_001\" srcset=\"https:\/\/news.med-link.org\/wp-content\/uploads\/2026\/03\/T17552_001.jpg 750w, https:\/\/news.med-link.org\/wp-content\/uploads\/2026\/03\/T17552_001-300x300.jpg 300w, https:\/\/news.med-link.org\/wp-content\/uploads\/2026\/03\/T17552_001-150x150.jpg 150w\" sizes=\"(max-width: 750px) 100vw, 750px\" \/>                                                                    <\/a>\n                                                                <\/figure>\n                    \t<div class=\"post-content\">\n\t\t<div class=\"post-content-inner\">\n\n\t\t\t\n\t\t\t<h2 class=\"post-title entry-title\"><a href=\"https:\/\/news.med-link.org\/de\/plan-du-jour-mise-en-valeur-des-informations-clefs\/\">Tagesplan: Hervorhebung der wichtigsten Informationen<\/a><\/h2>\n\t\t\t\t\t\t\t<p class=\"post-meta entry-meta\">\n\t\t\t\t\t\t\t\t\t\t\t<span class=\"post-author\"><span class=\"author vcard\"><a class=\"url fn n\" href=\"https:\/\/news.med-link.org\/de\/author\/julia\/\" rel=\"author\">Julia Weingarten<\/a><\/span><\/span>\n\t\t\t\t\t\n\t\t\t\t\t<span class=\"post-category\"><a href=\"https:\/\/news.med-link.org\/de\/cat\/domain-de\/betreuung-und-pflege\/\" rel=\"tag\" class=\"term-betreuung-und-pflege\">Betreuung und Pflege<\/a><span class=\"separator\">, <\/span><a href=\"https:\/\/news.med-link.org\/de\/cat\/verbesserungen-2026-03-25\/\" rel=\"tag\" class=\"term-verbesserungen-2026-03-25\">Verbesserungen - 2026-03-25<\/a><\/span>\n\t\t\t\t\t\t\t\t\t\t\t\t\t\t\t\t\n\t\t\t\t\t\t\t\t\t<\/p>\n\t\t\t\t<!-- \/post-meta -->\n\t\t\t\n\t\t\t\n\t\t\t        <div class=\"entry-content\">\n\n        \n            <p>Im Bericht sind die \u00e4rztlichen Anweisungen und Pflegeempfehlungen dank eindeutiger Formulierungen klar erkennbar. <\/p>\n\n                \n            \n        <\/div><!-- \/.entry-content -->\n        \n\t\t<\/div>\n\t\t<!-- \/.post-content-inner -->\n\t<\/div>\n\t<!-- \/.post-content -->\n\t\n<\/article>\n<!-- \/.post -->\n    <\/div><!-- .builder-posts-wrap -->\n            <\/div>\n<!-- \/module post -->\n            <\/div>\n                        <\/div>\n        <\/div>\n        <\/div>\n<!--\/themify_builder_content-->","protected":false},"excerpt":{"rendered":"<p>Die Pflegeaufnahme umfasst die folgenden Merkmale:\u00a0\u00a0 InterRAI Abkl\u00e4rung Korb Mandate<\/p>\n","protected":false},"author":3,"featured_media":0,"parent":1916,"menu_order":0,"comment_status":"closed","ping_status":"closed","template":"","meta":{"advanced_seo_description":"","jetpack_seo_html_title":"","jetpack_seo_noindex":false,"footnotes":""},"class_list":["post-2380","page","type-page","status-publish","hentry","has-post-title","has-post-date","has-post-category","has-post-tag","has-post-comment","has-post-author",""],"jetpack_sharing_enabled":true,"builder_content":"<img src=\"https:\/\/news.med-link.org\/wp-content\/uploads\/2021\/11\/AdobeStock_226366304-e1603378414343.jpeg\" title=\"Job rotation concept\" alt=\"Job rotation concept\" srcset=\"https:\/\/news.med-link.org\/wp-content\/uploads\/2021\/11\/AdobeStock_226366304-e1603378414343.jpeg 2488w, https:\/\/news.med-link.org\/wp-content\/uploads\/2021\/11\/AdobeStock_226366304-e1603378414343-300x200.jpeg 300w, https:\/\/news.med-link.org\/wp-content\/uploads\/2021\/11\/AdobeStock_226366304-e1603378414343-1024x683.jpeg 1024w, https:\/\/news.med-link.org\/wp-content\/uploads\/2021\/11\/AdobeStock_226366304-e1603378414343-768x512.jpeg 768w, https:\/\/news.med-link.org\/wp-content\/uploads\/2021\/11\/AdobeStock_226366304-e1603378414343-1536x1024.jpeg 1536w, https:\/\/news.med-link.org\/wp-content\/uploads\/2021\/11\/AdobeStock_226366304-e1603378414343-2048x1366.jpeg 2048w\" sizes=\"(max-width: 2488px) 100vw, 2488px\" \/>\n<p>Die <strong>Pflegeaufnahme<\/strong> umfasst die folgenden Merkmale:\u00a0\u00a0<\/p> <ul> <li>InterRAI Abkl\u00e4rung<\/li> <li>Korb<\/li> <li>Mandate<\/li> <\/ul>\n<p><br \/><br \/><\/p> <ul> <li>KLV<\/li> <li>Statistiken<\/li> <\/ul>\n<p>\u00a0<\/p> <p><strong>\u00a0Alle Berichte zum Thema Betreuung:<\/strong><\/p>","_links":{"self":[{"href":"https:\/\/news.med-link.org\/de\/wp-json\/wp\/v2\/pages\/2380","targetHints":{"allow":["GET"]}}],"collection":[{"href":"https:\/\/news.med-link.org\/de\/wp-json\/wp\/v2\/pages"}],"about":[{"href":"https:\/\/news.med-link.org\/de\/wp-json\/wp\/v2\/types\/page"}],"author":[{"embeddable":true,"href":"https:\/\/news.med-link.org\/de\/wp-json\/wp\/v2\/users\/3"}],"replies":[{"embeddable":true,"href":"https:\/\/news.med-link.org\/de\/wp-json\/wp\/v2\/comments?post=2380"}],"version-history":[{"count":7,"href":"https:\/\/news.med-link.org\/de\/wp-json\/wp\/v2\/pages\/2380\/revisions"}],"predecessor-version":[{"id":9194,"href":"https:\/\/news.med-link.org\/de\/wp-json\/wp\/v2\/pages\/2380\/revisions\/9194"}],"up":[{"embeddable":true,"href":"https:\/\/news.med-link.org\/de\/wp-json\/wp\/v2\/pages\/1916"}],"wp:attachment":[{"href":"https:\/\/news.med-link.org\/de\/wp-json\/wp\/v2\/media?parent=2380"}],"curies":[{"name":"wp","href":"https:\/\/api.w.org\/{rel}","templated":true}]}}